{"id":53079,"date":"2021-03-05T10:27:38","date_gmt":"2021-03-05T10:27:38","guid":{"rendered":"https:\/\/viaferratacaladelmoli.com\/activite\/"},"modified":"2026-02-18T16:20:31","modified_gmt":"2026-02-18T16:20:31","slug":"tarifs","status":"publish","type":"page","link":"https:\/\/viaferratacaladelmoli.com\/fr\/tarifs\/","title":{"rendered":"Tarifs"},"content":{"rendered":"<p>[et_pb_section fb_built=\u00a0\u00bb1&Prime; fullwidth=\u00a0\u00bbon\u00a0\u00bb _builder_version=\u00a0\u00bb4.16&Prime; _module_preset=\u00a0\u00bbdefault\u00a0\u00bb global_colors_info=\u00a0\u00bb{}\u00a0\u00bb][et_pb_fullwidth_header header_fullscreen=\u00a0\u00bbon\u00a0\u00bb _builder_version=\u00a0\u00bb4.16&Prime; _module_preset=\u00a0\u00bbdefault\u00a0\u00bb background_image=\u00a0\u00bbhttps:\/\/viaferratacaladelmoli.com\/wp-content\/uploads\/2021\/03\/fotoguiesactivitats.jpg\u00a0\u00bb global_colors_info=\u00a0\u00bb{}\u00a0\u00bb][\/et_pb_fullwidth_header][\/et_pb_section][et_pb_section fb_built=\u00a0\u00bb1&Prime; _builder_version=\u00a0\u00bb4.16&Prime; _module_preset=\u00a0\u00bbdefault\u00a0\u00bb global_colors_info=\u00a0\u00bb{}\u00a0\u00bb][et_pb_row _builder_version=\u00a0\u00bb4.16&Prime; _module_preset=\u00a0\u00bbdefault\u00a0\u00bb global_colors_info=\u00a0\u00bb{}\u00a0\u00bb][et_pb_column type=\u00a0\u00bb4_4&Prime; _builder_version=\u00a0\u00bb4.16&Prime; _module_preset=\u00a0\u00bbdefault\u00a0\u00bb global_colors_info=\u00a0\u00bb{}\u00a0\u00bb][et_pb_text _builder_version=\u00a0\u00bb4.16&Prime; _module_preset=\u00a0\u00bbdefault\u00a0\u00bb text_font=\u00a0\u00bb|600|||on||||\u00a0\u00bb text_text_color=\u00a0\u00bb#000000&Prime; text_font_size=\u00a0\u00bb19px\u00a0\u00bb global_colors_info=\u00a0\u00bb{}\u00a0\u00bb]<\/p>\n<p><b>VIA GRATUITE:\u00a0<\/b><\/p>\n<p>[\/et_pb_text][et_pb_text _builder_version=\u00a0\u00bb4.16&Prime; _module_preset=\u00a0\u00bbdefault\u00a0\u00bb text_font=\u00a0\u00bb||||||||\u00a0\u00bb text_text_color=\u00a0\u00bb#000000&Prime; text_font_size=\u00a0\u00bb19px\u00a0\u00bb global_colors_info=\u00a0\u00bb{}\u00a0\u00bb]<\/p>\n<p>Si vous avez le mat\u00e9riel homolog\u00e9, une exp\u00e9rience en via ferrata type k3 (technique et r\u00e9sistance), des connaissances en s\u00e9curit\u00e9 et sauvetage, une assurance priv\u00e9e ou f\u00e9d\u00e9rative, vous \u00eates en bonne forme physique, la via ferrata cala del moli peut se faire par vos propres moyens.<\/p>\n<p>[\/et_pb_text][\/et_pb_column][\/et_pb_row][et_pb_row _builder_version=\u00a0\u00bb4.16&Prime; _module_preset=\u00a0\u00bbdefault\u00a0\u00bb global_colors_info=\u00a0\u00bb{}\u00a0\u00bb][et_pb_column type=\u00a0\u00bb4_4&Prime; _builder_version=\u00a0\u00bb4.16&Prime; _module_preset=\u00a0\u00bbdefault\u00a0\u00bb global_colors_info=\u00a0\u00bb{}\u00a0\u00bb][et_pb_text _builder_version=\u00a0\u00bb4.16&Prime; _module_preset=\u00a0\u00bbdefault\u00a0\u00bb text_font=\u00a0\u00bb|600|||on||||\u00a0\u00bb text_text_color=\u00a0\u00bb#000000&Prime; text_font_size=\u00a0\u00bb19px\u00a0\u00bb global_colors_info=\u00a0\u00bb{}\u00a0\u00bb]<\/p>\n<p><b>SORTIE AVEC UN GUIDE :<\/b><\/p>\n<p>[\/et_pb_text][et_pb_text _builder_version=\u00a0\u00bb4.16&Prime; _module_preset=\u00a0\u00bbdefault\u00a0\u00bb text_font=\u00a0\u00bb||||||||\u00a0\u00bb text_text_color=\u00a0\u00bb#000000&Prime; text_font_size=\u00a0\u00bb19px\u00a0\u00bb global_colors_info=\u00a0\u00bb{}\u00a0\u00bb]<\/p>\n<p>Si vous n&rsquo;avez jamais fait de via ferrata k3, il est conseill\u00e9 pour votre s\u00e9curit\u00e9 et votre confort de faire appel \u00e0 un guide diplom\u00e9 (demandez \u00e0 voir le dipl\u00f4me). Votre moniteur vous expliquera le fonctionnement du mat\u00e9riel et d&rsquo;une via ferrata, vous donnera toutes les informations de s\u00e9curit\u00e9, prendra soin de vous pendant le parcours afin que vous puissiez profiter en toute s\u00e9curit\u00e9 de votre nouvelle exp\u00e9rience.<\/p>\n<p>[\/et_pb_text][\/et_pb_column][\/et_pb_row][et_pb_row _builder_version=\u00a0\u00bb4.16&Prime; _module_preset=\u00a0\u00bbdefault\u00a0\u00bb global_colors_info=\u00a0\u00bb{}\u00a0\u00bb][et_pb_column type=\u00a0\u00bb4_4&Prime; _builder_version=\u00a0\u00bb4.16&Prime; _module_preset=\u00a0\u00bbdefault\u00a0\u00bb global_colors_info=\u00a0\u00bb{}\u00a0\u00bb][et_pb_text _builder_version=\u00a0\u00bb4.27.4&Prime; _module_preset=\u00a0\u00bbdefault\u00a0\u00bb text_font=\u00a0\u00bb|600|||||||\u00a0\u00bb text_text_color=\u00a0\u00bb#000000&Prime; text_font_size=\u00a0\u00bb19px\u00a0\u00bb hover_enabled=\u00a0\u00bb0&Prime; global_colors_info=\u00a0\u00bb{}\u00a0\u00bb sticky_enabled=\u00a0\u00bb0&Prime;]<\/p>\n<p><strong>TARIF GUIDE : 50 \u20ac \/ personne<\/strong><\/p>\n<p>[\/et_pb_text][\/et_pb_column][\/et_pb_row][et_pb_row _builder_version=\u00a0\u00bb4.16&Prime; _module_preset=\u00a0\u00bbdefault\u00a0\u00bb global_colors_info=\u00a0\u00bb{}\u00a0\u00bb][et_pb_column type=\u00a0\u00bb4_4&Prime; _builder_version=\u00a0\u00bb4.16&Prime; _module_preset=\u00a0\u00bbdefault\u00a0\u00bb global_colors_info=\u00a0\u00bb{}\u00a0\u00bb][et_pb_text _builder_version=\u00a0\u00bb4.16&Prime; _module_preset=\u00a0\u00bbdefault\u00a0\u00bb text_font=\u00a0\u00bb|600|||||||\u00a0\u00bb text_text_color=\u00a0\u00bb#000000&Prime; text_font_size=\u00a0\u00bb19px\u00a0\u00bb global_colors_info=\u00a0\u00bb{}\u00a0\u00bb]<\/p>\n<p><strong>Le prix comprend :<\/strong><\/p>\n<p>[\/et_pb_text][\/et_pb_column][\/et_pb_row][et_pb_row _builder_version=\u00a0\u00bb4.16&Prime; _module_preset=\u00a0\u00bbdefault\u00a0\u00bb global_colors_info=\u00a0\u00bb{}\u00a0\u00bb][et_pb_column type=\u00a0\u00bb4_4&Prime; _builder_version=\u00a0\u00bb4.16&Prime; _module_preset=\u00a0\u00bbdefault\u00a0\u00bb global_colors_info=\u00a0\u00bb{}\u00a0\u00bb][et_pb_text _builder_version=\u00a0\u00bb4.16&Prime; _module_preset=\u00a0\u00bbdefault\u00a0\u00bb text_font=\u00a0\u00bb|600|||||||\u00a0\u00bb text_text_color=\u00a0\u00bb#000000&Prime; text_font_size=\u00a0\u00bb19px\u00a0\u00bb custom_margin=\u00a0\u00bb|||20px|false|false\u00a0\u00bb global_colors_info=\u00a0\u00bb{}\u00a0\u00bb]<\/p>\n<div class=\"et_pb_module et_pb_text et_pb_text_7 et_pb_text_align_left et_pb_bg_layout_light\">\n<div class=\"et_pb_text_inner\">\n<p>\u00a0 \u00a0 . MATERIAL HOMOLOGU\u00c9<\/p>\n<div class=\"et_pb_module et_pb_text et_pb_text_6 et_pb_text_align_left et_pb_bg_layout_light\">\n<div class=\"et_pb_text_inner\">\n<p>. GUIDE QUALIFI\u00c9 ET EXPERT<\/p>\n<p>. Reportage photo ( minimum 50 photos \/ sortie)<\/p>\n<p>. Assurance RC et accident<\/p>\n<p>. Boisson pendant la sortie<\/p>\n<\/div>\n<\/div>\n<p>. Assurance annulation en cas de pluie<\/p>\n<p>. Groupe r\u00e9duit (maximum 8 personnes) pour permetre une attention personnalis\u00e9e<\/p>\n<\/div>\n<\/div>\n<p>[\/et_pb_text][\/et_pb_column][\/et_pb_row][et_pb_row _builder_version=\u00a0\u00bb4.16&Prime; _module_preset=\u00a0\u00bbdefault\u00a0\u00bb global_colors_info=\u00a0\u00bb{}\u00a0\u00bb][et_pb_column type=\u00a0\u00bb4_4&Prime; _builder_version=\u00a0\u00bb4.16&Prime; _module_preset=\u00a0\u00bbdefault\u00a0\u00bb global_colors_info=\u00a0\u00bb{}\u00a0\u00bb][et_pb_text _builder_version=\u00a0\u00bb4.16&Prime; _module_preset=\u00a0\u00bbdefault\u00a0\u00bb text_font=\u00a0\u00bb|600|||||||\u00a0\u00bb text_text_color=\u00a0\u00bb#000000&Prime; text_font_size=\u00a0\u00bb19px\u00a0\u00bb global_colors_info=\u00a0\u00bb{}\u00a0\u00bb]<\/p>\n<p><b>Saison : ouvert toute l&rsquo;ann\u00e9e<\/b><\/p>\n<p>[\/et_pb_text][et_pb_text _builder_version=\u00a0\u00bb4.16&Prime; _module_preset=\u00a0\u00bbdefault\u00a0\u00bb text_font=\u00a0\u00bb|600|||||||\u00a0\u00bb text_text_color=\u00a0\u00bb#000000&Prime; text_font_size=\u00a0\u00bb19px\u00a0\u00bb global_colors_info=\u00a0\u00bb{}\u00a0\u00bb]<\/p>\n<p><b>\u00c2ge minimum : 13 ans. Les mineurs doivent toujours \u00eatre accompagn\u00e9s d&rsquo;un adulte<\/b><\/p>\n<p>[\/et_pb_text][\/et_pb_column][\/et_pb_row][et_pb_row column_structure=\u00a0\u00bb1_2,1_2&Prime; _builder_version=\u00a0\u00bb4.16&Prime; _module_preset=\u00a0\u00bbdefault\u00a0\u00bb global_colors_info=\u00a0\u00bb{}\u00a0\u00bb][et_pb_column type=\u00a0\u00bb1_2&Prime; _builder_version=\u00a0\u00bb4.16&Prime; _module_preset=\u00a0\u00bbdefault\u00a0\u00bb global_colors_info=\u00a0\u00bb{}\u00a0\u00bb][et_pb_blurb_extended title=\u00a0\u00bbJE VEUX R\u00c9SERVER UN D\u00c9PART\u00a0\u00bb url=\u00a0\u00bbhttps:\/\/viaferratacaladelmoli.com\/fr\/contact\/\u00a0\u00bb read_more_button=\u00a0\u00bbon\u00a0\u00bb read_more_text=\u00a0\u00bbReserve maintenant\u00a0\u00bb read_more_hover_background_color=\u00a0\u00bb#f2f2f2&Prime; read_more_hover_text_color=\u00a0\u00bb#000000&Prime; use_icon=\u00a0\u00bbon\u00a0\u00bb font_icon=\u00a0\u00bb&#x52;||divi||400&Prime; icon_color=\u00a0\u00bb#f2f2f2&Prime; use_icon_font_size=\u00a0\u00bbon\u00a0\u00bb icon_font_size=\u00a0\u00bb30px\u00a0\u00bb icon_hover_color=\u00a0\u00bb#000000&Prime; style_icon=\u00a0\u00bbon\u00a0\u00bb shape_color=\u00a0\u00bbrgba(43,130,58,0.79)\u00a0\u00bb shape_hover_color=\u00a0\u00bb#edf000&Prime; use_shape_border=\u00a0\u00bbon\u00a0\u00bb shape_border_hover_color=\u00a0\u00bb#000000&Prime; content_background_color=\u00a0\u00bb#e09900&Prime; text_hover_color=\u00a0\u00bb#e09900&Prime; blurb_layout=\u00a0\u00bbborderbox\u00a0\u00bb borderbox_border_color=\u00a0\u00bbrgba(43,130,58,0.79)\u00a0\u00bb _builder_version=\u00a0\u00bb4.16&Prime; header_text_color=\u00a0\u00bb#efefef\u00a0\u00bb header_font_size=\u00a0\u00bb19px\u00a0\u00bb custom_read_more=\u00a0\u00bbon\u00a0\u00bb read_more_text_size=\u00a0\u00bb15px\u00a0\u00bb read_more_text_color=\u00a0\u00bb#000000&Prime; read_more_bg_color=\u00a0\u00bb#efefef\u00a0\u00bb global_colors_info=\u00a0\u00bb{}\u00a0\u00bb][\/et_pb_blurb_extended][\/et_pb_column][et_pb_column type=\u00a0\u00bb1_2&Prime; _builder_version=\u00a0\u00bb4.16&Prime; _module_preset=\u00a0\u00bbdefault\u00a0\u00bb global_colors_info=\u00a0\u00bb{}\u00a0\u00bb][\/et_pb_column][\/et_pb_row][et_pb_row _builder_version=\u00a0\u00bb4.16&Prime; _module_preset=\u00a0\u00bbdefault\u00a0\u00bb global_colors_info=\u00a0\u00bb{}\u00a0\u00bb][et_pb_column type=\u00a0\u00bb4_4&Prime; _builder_version=\u00a0\u00bb4.16&Prime; _module_preset=\u00a0\u00bbdefault\u00a0\u00bb global_colors_info=\u00a0\u00bb{}\u00a0\u00bb][et_pb_text _builder_version=\u00a0\u00bb4.16&Prime; _module_preset=\u00a0\u00bbdefault\u00a0\u00bb text_font=\u00a0\u00bb|600|||on||||\u00a0\u00bb text_text_color=\u00a0\u00bb#000000&Prime; text_font_size=\u00a0\u00bb19px\u00a0\u00bb global_colors_info=\u00a0\u00bb{}\u00a0\u00bb]<\/p>\n<p><b>LOCATION DE MAT\u00c9RIEL:<\/b><\/p>\n<p>[\/et_pb_text][et_pb_text _builder_version=\u00a0\u00bb4.16&Prime; _module_preset=\u00a0\u00bbdefault\u00a0\u00bb text_font=\u00a0\u00bb||||||||\u00a0\u00bb text_text_color=\u00a0\u00bb#000000&Prime; text_font_size=\u00a0\u00bb19px\u00a0\u00bb global_colors_info=\u00a0\u00bb{}\u00a0\u00bb]<\/p>\n<p><span>. Depuis<\/span><span>\u00a0qu&rsquo;une personne est morte en tombant de la Via Ferrata Cala del Moli (pour n\u00e9gligence) en Juin 2022, nous avons d\u00e9cid\u00e9 en accord avec la nouvelle norm<\/span><span>e de la Mairie de Sant Feliu de Guixols, de ne plus louer de materiel de Via Ferrata.<\/span><\/p>\n<p>[\/et_pb_text][\/et_pb_column][\/et_pb_row][et_pb_row column_structure=\u00a0\u00bb1_2,1_2&Prime; _builder_version=\u00a0\u00bb4.16&Prime; _module_preset=\u00a0\u00bbdefault\u00a0\u00bb global_colors_info=\u00a0\u00bb{}\u00a0\u00bb][et_pb_column type=\u00a0\u00bb1_2&Prime; _builder_version=\u00a0\u00bb4.16&Prime; _module_preset=\u00a0\u00bbdefault\u00a0\u00bb global_colors_info=\u00a0\u00bb{}\u00a0\u00bb][et_pb_blurb_extended title=\u00a0\u00bbJE VEUX R\u00c9SERVER DU MAT\u00c9RIEL\u00a0\u00bb url=\u00a0\u00bbhttps:\/\/viaferratacaladelmoli.com\/fr\/contact\/\u00a0\u00bb read_more_button=\u00a0\u00bbon\u00a0\u00bb read_more_text=\u00a0\u00bbReserve maintenant\u00a0\u00bb read_more_hover_background_color=\u00a0\u00bb#f2f2f2&Prime; read_more_hover_text_color=\u00a0\u00bb#000000&Prime; use_icon=\u00a0\u00bbon\u00a0\u00bb font_icon=\u00a0\u00bb&#x52;||divi||400&Prime; icon_color=\u00a0\u00bb#f2f2f2&Prime; use_icon_font_size=\u00a0\u00bbon\u00a0\u00bb icon_font_size=\u00a0\u00bb30px\u00a0\u00bb icon_hover_color=\u00a0\u00bb#000000&Prime; style_icon=\u00a0\u00bbon\u00a0\u00bb shape_color=\u00a0\u00bbrgba(43,130,58,0.79)\u00a0\u00bb shape_hover_color=\u00a0\u00bb#edf000&Prime; use_shape_border=\u00a0\u00bbon\u00a0\u00bb shape_border_hover_color=\u00a0\u00bb#000000&Prime; content_background_color=\u00a0\u00bb#e09900&Prime; text_hover_color=\u00a0\u00bb#e09900&Prime; blurb_layout=\u00a0\u00bbborderbox\u00a0\u00bb borderbox_border_color=\u00a0\u00bbrgba(43,130,58,0.79)\u00a0\u00bb _builder_version=\u00a0\u00bb4.16&Prime; header_text_color=\u00a0\u00bb#efefef\u00a0\u00bb header_font_size=\u00a0\u00bb19px\u00a0\u00bb custom_read_more=\u00a0\u00bbon\u00a0\u00bb read_more_text_size=\u00a0\u00bb15px\u00a0\u00bb read_more_text_color=\u00a0\u00bb#000000&Prime; read_more_bg_color=\u00a0\u00bb#efefef\u00a0\u00bb global_colors_info=\u00a0\u00bb{}\u00a0\u00bb][\/et_pb_blurb_extended][\/et_pb_column][et_pb_column type=\u00a0\u00bb1_2&Prime; _builder_version=\u00a0\u00bb4.16&Prime; _module_preset=\u00a0\u00bbdefault\u00a0\u00bb global_colors_info=\u00a0\u00bb{}\u00a0\u00bb][\/et_pb_column][\/et_pb_row][et_pb_row _builder_version=\u00a0\u00bb4.16&Prime; _module_preset=\u00a0\u00bbdefault\u00a0\u00bb global_colors_info=\u00a0\u00bb{}\u00a0\u00bb][et_pb_column type=\u00a0\u00bb4_4&Prime; _builder_version=\u00a0\u00bb4.16&Prime; _module_preset=\u00a0\u00bbdefault\u00a0\u00bb global_colors_info=\u00a0\u00bb{}\u00a0\u00bb][et_pb_text _builder_version=\u00a0\u00bb4.16&Prime; _module_preset=\u00a0\u00bbdefault\u00a0\u00bb global_colors_info=\u00a0\u00bb{}\u00a0\u00bb]<\/p>\n<p><iframe loading=\"lazy\" title=\"YouTube video player\" src=\"https:\/\/www.youtube.com\/embed\/gGLQTg4ULZ4\" width=\"853\" height=\"480\" frameborder=\"0\" allowfullscreen=\"allowfullscreen\"><\/iframe><\/p>\n<p>[\/et_pb_text][\/et_pb_column][\/et_pb_row][\/et_pb_section]<\/p>\n","protected":false},"excerpt":{"rendered":"<p>VIA GRATUITE:\u00a0Si vous avez le mat\u00e9riel homolog\u00e9, une exp\u00e9rience en via ferrata type k3 (technique et r\u00e9sistance), des connaissances en s\u00e9curit\u00e9 et sauvetage, une assurance priv\u00e9e ou f\u00e9d\u00e9rative, vous \u00eates en bonne forme physique, la via ferrata cala del moli peut se faire par vos propres moyens.SORTIE AVEC UN GUIDE :Si vous n&rsquo;avez jamais fait [&hellip;]<\/p>\n","protected":false},"author":1,"featured_media":0,"parent":0,"menu_order":0,"comment_status":"closed","ping_status":"closed","template":"","meta":{"_et_pb_use_builder":"on","_et_pb_old_content":"","_et_gb_content_width":"","_joinchat":[],"footnotes":""},"class_list":["post-53079","page","type-page","status-publish","hentry"],"yoast_head":"<!-- This site is optimized with the Yoast SEO plugin v27.1.1 - https:\/\/yoast.com\/product\/yoast-seo-wordpress\/ -->\n<title>Tarifs<\/title>\n<meta name=\"robots\" content=\"index, follow, max-snippet:-1, max-image-preview:large, max-video-preview:-1\" \/>\n<link rel=\"canonical\" href=\"https:\/\/viaferratacaladelmoli.com\/fr\/tarifs\/\" \/>\n<meta property=\"og:locale\" content=\"fr_FR\" \/>\n<meta property=\"og:type\" content=\"article\" \/>\n<meta property=\"og:title\" content=\"Tarifs\" \/>\n<meta property=\"og:description\" content=\"VIA GRATUITE:\u00a0Si vous avez le mat\u00e9riel homolog\u00e9, une exp\u00e9rience en via ferrata type k3 (technique et r\u00e9sistance), des connaissances en s\u00e9curit\u00e9 et sauvetage, une assurance priv\u00e9e ou f\u00e9d\u00e9rative, vous \u00eates en bonne forme physique, la via ferrata cala del moli peut se faire par vos propres moyens.SORTIE AVEC UN GUIDE :Si vous n&#039;avez jamais fait [&hellip;]\" \/>\n<meta property=\"og:url\" content=\"https:\/\/viaferratacaladelmoli.com\/fr\/tarifs\/\" \/>\n<meta property=\"og:site_name\" content=\"Via Ferrata Cala del Moli\" \/>\n<meta property=\"article:publisher\" content=\"https:\/\/www.facebook.com\/Via-ferrata-cala-del-moli-1613952665562149\/?fref=ts\" \/>\n<meta property=\"article:modified_time\" content=\"2026-02-18T16:20:31+00:00\" \/>\n<meta name=\"twitter:card\" content=\"summary_large_image\" \/>\n<meta name=\"twitter:site\" content=\"@caladelmoli\" \/>\n<meta name=\"twitter:label1\" content=\"Dur\u00e9e de lecture estim\u00e9e\" \/>\n\t<meta name=\"twitter:data1\" content=\"2 minutes\" \/>\n<script type=\"application\/ld+json\" class=\"yoast-schema-graph\">{\"@context\":\"https:\/\/schema.org\",\"@graph\":[{\"@type\":\"WebPage\",\"@id\":\"https:\/\/viaferratacaladelmoli.com\/fr\/tarifs\/\",\"url\":\"https:\/\/viaferratacaladelmoli.com\/fr\/tarifs\/\",\"name\":\"Tarifs\",\"isPartOf\":{\"@id\":\"https:\/\/viaferratacaladelmoli.com\/#website\"},\"datePublished\":\"2021-03-05T10:27:38+00:00\",\"dateModified\":\"2026-02-18T16:20:31+00:00\",\"breadcrumb\":{\"@id\":\"https:\/\/viaferratacaladelmoli.com\/fr\/tarifs\/#breadcrumb\"},\"inLanguage\":\"fr-FR\",\"potentialAction\":[{\"@type\":\"ReadAction\",\"target\":[\"https:\/\/viaferratacaladelmoli.com\/fr\/tarifs\/\"]}]},{\"@type\":\"BreadcrumbList\",\"@id\":\"https:\/\/viaferratacaladelmoli.com\/fr\/tarifs\/#breadcrumb\",\"itemListElement\":[{\"@type\":\"ListItem\",\"position\":1,\"name\":\"Portada\",\"item\":\"https:\/\/viaferratacaladelmoli.com\/fr\/\"},{\"@type\":\"ListItem\",\"position\":2,\"name\":\"Tarifs\"}]},{\"@type\":\"WebSite\",\"@id\":\"https:\/\/viaferratacaladelmoli.com\/#website\",\"url\":\"https:\/\/viaferratacaladelmoli.com\/\",\"name\":\"Via Ferrata Cala del Moli\",\"description\":\"via Ferrata Cala del Moli, Sant Feliu de Guixols, Girona, spain\",\"potentialAction\":[{\"@type\":\"SearchAction\",\"target\":{\"@type\":\"EntryPoint\",\"urlTemplate\":\"https:\/\/viaferratacaladelmoli.com\/?s={search_term_string}\"},\"query-input\":{\"@type\":\"PropertyValueSpecification\",\"valueRequired\":true,\"valueName\":\"search_term_string\"}}],\"inLanguage\":\"fr-FR\"}]}<\/script>\n<!-- \/ Yoast SEO plugin. -->","yoast_head_json":{"title":"Tarifs","robots":{"index":"index","follow":"follow","max-snippet":"max-snippet:-1","max-image-preview":"max-image-preview:large","max-video-preview":"max-video-preview:-1"},"canonical":"https:\/\/viaferratacaladelmoli.com\/fr\/tarifs\/","og_locale":"fr_FR","og_type":"article","og_title":"Tarifs","og_description":"VIA GRATUITE:\u00a0Si vous avez le mat\u00e9riel homolog\u00e9, une exp\u00e9rience en via ferrata type k3 (technique et r\u00e9sistance), des connaissances en s\u00e9curit\u00e9 et sauvetage, une assurance priv\u00e9e ou f\u00e9d\u00e9rative, vous \u00eates en bonne forme physique, la via ferrata cala del moli peut se faire par vos propres moyens.SORTIE AVEC UN GUIDE :Si vous n'avez jamais fait [&hellip;]","og_url":"https:\/\/viaferratacaladelmoli.com\/fr\/tarifs\/","og_site_name":"Via Ferrata Cala del Moli","article_publisher":"https:\/\/www.facebook.com\/Via-ferrata-cala-del-moli-1613952665562149\/?fref=ts","article_modified_time":"2026-02-18T16:20:31+00:00","twitter_card":"summary_large_image","twitter_site":"@caladelmoli","twitter_misc":{"Dur\u00e9e de lecture estim\u00e9e":"2 minutes"},"schema":{"@context":"https:\/\/schema.org","@graph":[{"@type":"WebPage","@id":"https:\/\/viaferratacaladelmoli.com\/fr\/tarifs\/","url":"https:\/\/viaferratacaladelmoli.com\/fr\/tarifs\/","name":"Tarifs","isPartOf":{"@id":"https:\/\/viaferratacaladelmoli.com\/#website"},"datePublished":"2021-03-05T10:27:38+00:00","dateModified":"2026-02-18T16:20:31+00:00","breadcrumb":{"@id":"https:\/\/viaferratacaladelmoli.com\/fr\/tarifs\/#breadcrumb"},"inLanguage":"fr-FR","potentialAction":[{"@type":"ReadAction","target":["https:\/\/viaferratacaladelmoli.com\/fr\/tarifs\/"]}]},{"@type":"BreadcrumbList","@id":"https:\/\/viaferratacaladelmoli.com\/fr\/tarifs\/#breadcrumb","itemListElement":[{"@type":"ListItem","position":1,"name":"Portada","item":"https:\/\/viaferratacaladelmoli.com\/fr\/"},{"@type":"ListItem","position":2,"name":"Tarifs"}]},{"@type":"WebSite","@id":"https:\/\/viaferratacaladelmoli.com\/#website","url":"https:\/\/viaferratacaladelmoli.com\/","name":"Via Ferrata Cala del Moli","description":"via Ferrata Cala del Moli, Sant Feliu de Guixols, Girona, spain","potentialAction":[{"@type":"SearchAction","target":{"@type":"EntryPoint","urlTemplate":"https:\/\/viaferratacaladelmoli.com\/?s={search_term_string}"},"query-input":{"@type":"PropertyValueSpecification","valueRequired":true,"valueName":"search_term_string"}}],"inLanguage":"fr-FR"}]}},"_links":{"self":[{"href":"https:\/\/viaferratacaladelmoli.com\/fr\/wp-json\/wp\/v2\/pages\/53079","targetHints":{"allow":["GET"]}}],"collection":[{"href":"https:\/\/viaferratacaladelmoli.com\/fr\/wp-json\/wp\/v2\/pages"}],"about":[{"href":"https:\/\/viaferratacaladelmoli.com\/fr\/wp-json\/wp\/v2\/types\/page"}],"author":[{"embeddable":true,"href":"https:\/\/viaferratacaladelmoli.com\/fr\/wp-json\/wp\/v2\/users\/1"}],"replies":[{"embeddable":true,"href":"https:\/\/viaferratacaladelmoli.com\/fr\/wp-json\/wp\/v2\/comments?post=53079"}],"version-history":[{"count":47,"href":"https:\/\/viaferratacaladelmoli.com\/fr\/wp-json\/wp\/v2\/pages\/53079\/revisions"}],"predecessor-version":[{"id":53793,"href":"https:\/\/viaferratacaladelmoli.com\/fr\/wp-json\/wp\/v2\/pages\/53079\/revisions\/53793"}],"wp:attachment":[{"href":"https:\/\/viaferratacaladelmoli.com\/fr\/wp-json\/wp\/v2\/media?parent=53079"}],"curies":[{"name":"wp","href":"https:\/\/api.w.org\/{rel}","templated":true}]}}