{"id":52461,"date":"2020-04-14T09:49:57","date_gmt":"2020-04-14T09:49:57","guid":{"rendered":"https:\/\/viaferratacaladelmoli.com\/accueil\/"},"modified":"2025-01-12T15:39:35","modified_gmt":"2025-01-12T15:39:35","slug":"accueil","status":"publish","type":"page","link":"https:\/\/viaferratacaladelmoli.com\/fr\/","title":{"rendered":"Accueil"},"content":{"rendered":"<p>[et_pb_section fb_built=\u00a0\u00bb1&Prime; fullwidth=\u00a0\u00bbon\u00a0\u00bb _builder_version=\u00a0\u00bb4.16&Prime; global_colors_info=\u00a0\u00bb{}\u00a0\u00bb][et_pb_fullwidth_image src=\u00a0\u00bbhttps:\/\/viaferratacaladelmoli.com\/wp-content\/uploads\/2018\/09\/logonew3negre.gif\u00a0\u00bb _builder_version=\u00a0\u00bb4.16&Prime; global_colors_info=\u00a0\u00bb{}\u00a0\u00bb][\/et_pb_fullwidth_image][\/et_pb_section][et_pb_section fb_built=\u00a0\u00bb1&Prime; _builder_version=\u00a0\u00bb4.16&Prime; global_colors_info=\u00a0\u00bb{}\u00a0\u00bb][et_pb_row _builder_version=\u00a0\u00bb4.16&Prime; global_colors_info=\u00a0\u00bb{}\u00a0\u00bb][et_pb_column type=\u00a0\u00bb4_4&Prime; _builder_version=\u00a0\u00bb4.16&Prime; custom_padding=\u00a0\u00bb|||\u00a0\u00bb global_colors_info=\u00a0\u00bb{}\u00a0\u00bb custom_padding__hover=\u00a0\u00bb|||\u00a0\u00bb][et_pb_text _builder_version=\u00a0\u00bb4.16&Prime; text_font=\u00a0\u00bb||||||||\u00a0\u00bb text_text_color=\u00a0\u00bb#000000&Prime; text_font_size=\u00a0\u00bb20px\u00a0\u00bb global_colors_info=\u00a0\u00bb{}\u00a0\u00bb]La Via Ferrata Cala del Mol\u00ed, situ\u00e9e \u00e0 Sant Feliu de Gu\u00edxols au c\u0153ur de la Costa Brava, est la seule Via Ferrata au monde construite sur la mer.[\/et_pb_text][\/et_pb_column][\/et_pb_row][et_pb_row _builder_version=\u00a0\u00bb4.16&Prime; global_colors_info=\u00a0\u00bb{}\u00a0\u00bb][et_pb_column type=\u00a0\u00bb4_4&Prime; _builder_version=\u00a0\u00bb4.16&Prime; custom_padding=\u00a0\u00bb|||\u00a0\u00bb global_colors_info=\u00a0\u00bb{}\u00a0\u00bb custom_padding__hover=\u00a0\u00bb|||\u00a0\u00bb][et_pb_image src=\u00a0\u00bbhttps:\/\/viaferratacaladelmoli.com\/wp-content\/uploads\/2018\/01\/fotoviaferratanewsmall17-1.gif\u00a0\u00bb align=\u00a0\u00bbcenter\u00a0\u00bb align_tablet=\u00a0\u00bbcenter\u00a0\u00bb align_phone=\u00a0\u00bb\u00a0\u00bb align_last_edited=\u00a0\u00bbon|desktop\u00a0\u00bb _builder_version=\u00a0\u00bb4.16&Prime; global_colors_info=\u00a0\u00bb{}\u00a0\u00bb][\/et_pb_image][\/et_pb_column][\/et_pb_row][et_pb_row _builder_version=\u00a0\u00bb4.16&Prime; global_colors_info=\u00a0\u00bb{}\u00a0\u00bb][et_pb_column type=\u00a0\u00bb4_4&Prime; _builder_version=\u00a0\u00bb4.16&Prime; global_colors_info=\u00a0\u00bb{}\u00a0\u00bb][et_pb_text _builder_version=\u00a0\u00bb4.16&Prime; text_font=\u00a0\u00bb||||||||\u00a0\u00bb text_text_color=\u00a0\u00bb#000000&Prime; text_font_size=\u00a0\u00bb20px\u00a0\u00bb global_colors_info=\u00a0\u00bb{}\u00a0\u00bb]Tout le long du parcours, vous trouverez des murs de granit orange et de quartz qui, en contraste avec les tons bleus de la mer, font de la Via Ferrata Cala del Mol\u00ed, l&rsquo;une des plus belles de Catalogne.[\/et_pb_text][\/et_pb_column][\/et_pb_row][et_pb_row _builder_version=\u00a0\u00bb4.27.4&Prime; _module_preset=\u00a0\u00bbdefault\u00a0\u00bb][et_pb_column _builder_version=\u00a0\u00bb4.27.4&Prime; _module_preset=\u00a0\u00bbdefault\u00a0\u00bb type=\u00a0\u00bb4_4&Prime;][dsm_card_carousel _builder_version=\u00a0\u00bb4.27.4&Prime; _module_preset=\u00a0\u00bbdefault\u00a0\u00bb centered_slides=\u00a0\u00bbon\u00a0\u00bb pause_on_hover=\u00a0\u00bbon\u00a0\u00bb equal_height=\u00a0\u00bbon\u00a0\u00bb arrows=\u00a0\u00bboff\u00a0\u00bb hover_enabled=\u00a0\u00bb0&Prime; sticky_enabled=\u00a0\u00bb0&Prime;][dsm_card_carousel_child _builder_version=\u00a0\u00bb4.27.4&Prime; _module_preset=\u00a0\u00bbdefault\u00a0\u00bb title_text=\u00a0\u00bbvia Ferrata Sant Feliu de Gu\u00edxols\u00a0\u00bb image=\u00a0\u00bbhttps:\/\/viaferratacaladelmoli.com\/wp-content\/uploads\/2018\/04\/IMG-viaferrata2018h.gif\u00a0\u00bb hover_enabled=\u00a0\u00bb0&Prime; sticky_enabled=\u00a0\u00bb0&Prime;][\/dsm_card_carousel_child][dsm_card_carousel_child _builder_version=\u00a0\u00bb4.27.4&Prime; _module_preset=\u00a0\u00bbdefault\u00a0\u00bb alt=\u00a0\u00bbvia ferrata Cal del Moli, Sant Feliu de Gu\u00edxols\u00a0\u00bb title_text=\u00a0\u00bbviaferratafoto67&Prime; image=\u00a0\u00bbhttps:\/\/viaferratacaladelmoli.com\/wp-content\/uploads\/2021\/03\/viaferratafoto67.jpg\u00a0\u00bb hover_enabled=\u00a0\u00bb0&Prime; sticky_enabled=\u00a0\u00bb0&Prime;][\/dsm_card_carousel_child][dsm_card_carousel_child _builder_version=\u00a0\u00bb4.27.4&Prime; _module_preset=\u00a0\u00bbdefault\u00a0\u00bb alt=\u00a0\u00bbvia ferrata Cal del Moli\u00a0\u00bb title_text=\u00a0\u00bbIMG_20210615_230546_498&Prime; image=\u00a0\u00bbhttps:\/\/viaferratacaladelmoli.com\/wp-content\/uploads\/2022\/07\/IMG_20210615_230546_498.jpg\u00a0\u00bb hover_enabled=\u00a0\u00bb0&Prime; sticky_enabled=\u00a0\u00bb0&Prime;][\/dsm_card_carousel_child][\/dsm_card_carousel][\/et_pb_column][\/et_pb_row][et_pb_row _builder_version=\u00a0\u00bb4.16&Prime; global_colors_info=\u00a0\u00bb{}\u00a0\u00bb][et_pb_column type=\u00a0\u00bb4_4&Prime; _builder_version=\u00a0\u00bb4.16&Prime; global_colors_info=\u00a0\u00bb{}\u00a0\u00bb][et_pb_text _builder_version=\u00a0\u00bb4.16&Prime; _module_preset=\u00a0\u00bbdefault\u00a0\u00bb text_font=\u00a0\u00bb|600|||||||\u00a0\u00bb text_text_color=\u00a0\u00bb#000000&Prime; text_font_size=\u00a0\u00bb22px\u00a0\u00bb global_colors_info=\u00a0\u00bb{}\u00a0\u00bb]<\/p>\n<p>HISTORIQUE<\/p>\n<p>[\/et_pb_text][et_pb_text _builder_version=\u00a0\u00bb4.16&Prime; text_font=\u00a0\u00bb||||||||\u00a0\u00bb text_text_color=\u00a0\u00bb#000000&Prime; text_font_size=\u00a0\u00bb20px\u00a0\u00bb global_colors_info=\u00a0\u00bb{}\u00a0\u00bb]<\/p>\n<p>La via ferrata cala del moli appartient \u00e0 la commune de Sant Feliu de Gu\u00edxols. La via ferrata a \u00e9t\u00e9 construite pour la premi\u00e8re fois en 2002 et ferm\u00e9e en raison d&rsquo;un incident technique en 2003. La route a \u00e9t\u00e9 reconstruite pour la mairie de Sant Feliu de Gu\u00edxols en 2013.<\/p>\n<p>[\/et_pb_text][\/et_pb_column][\/et_pb_row][et_pb_row column_structure=\u00a0\u00bb1_3,1_3,1_3&Prime; _builder_version=\u00a0\u00bb4.16&Prime; global_colors_info=\u00a0\u00bb{}\u00a0\u00bb][et_pb_column type=\u00a0\u00bb1_3&Prime; _builder_version=\u00a0\u00bb4.16&Prime; global_colors_info=\u00a0\u00bb{}\u00a0\u00bb][et_pb_blurb_extended title=\u00a0\u00bbVous voulez plus d&rsquo;informations sur la Via Ferrata Cala del Moli\u00a0\u00bb url=\u00a0\u00bbhttps:\/\/viaferratacaladelmoli.com\/contacto-via-ferrata-cala-del-moli-sant-feliu-de-guixols-costa-brava-girona-spain\/\u00a0\u00bb read_more_button=\u00a0\u00bbon\u00a0\u00bb read_more_text=\u00a0\u00bbPlus d&rsquo;information\u00a0\u00bb read_more_hover_background_color=\u00a0\u00bb#f2f2f2&Prime; read_more_hover_text_color=\u00a0\u00bb#000000&Prime; use_icon=\u00a0\u00bbon\u00a0\u00bb font_icon=\u00a0\u00bb&#x52;||divi||400&Prime; icon_color=\u00a0\u00bb#f2f2f2&Prime; use_icon_font_size=\u00a0\u00bbon\u00a0\u00bb icon_font_size=\u00a0\u00bb30px\u00a0\u00bb icon_hover_color=\u00a0\u00bb#000000&Prime; style_icon=\u00a0\u00bbon\u00a0\u00bb shape_color=\u00a0\u00bbrgba(43,130,58,0.79)\u00a0\u00bb shape_hover_color=\u00a0\u00bb#edf000&Prime; use_shape_border=\u00a0\u00bbon\u00a0\u00bb shape_border_hover_color=\u00a0\u00bb#000000&Prime; content_background_color=\u00a0\u00bb#e09900&Prime; text_hover_color=\u00a0\u00bb#e09900&Prime; blurb_layout=\u00a0\u00bbborderbox\u00a0\u00bb borderbox_border_color=\u00a0\u00bbrgba(43,130,58,0.79)\u00a0\u00bb _builder_version=\u00a0\u00bb4.16&Prime; header_text_color=\u00a0\u00bb#efefef\u00a0\u00bb header_font_size=\u00a0\u00bb19px\u00a0\u00bb custom_read_more=\u00a0\u00bbon\u00a0\u00bb read_more_text_size=\u00a0\u00bb15px\u00a0\u00bb read_more_text_color=\u00a0\u00bb#000000&Prime; read_more_bg_color=\u00a0\u00bb#efefef\u00a0\u00bb global_colors_info=\u00a0\u00bb{}\u00a0\u00bb][\/et_pb_blurb_extended][\/et_pb_column][et_pb_column type=\u00a0\u00bb1_3&Prime; _builder_version=\u00a0\u00bb4.16&Prime; global_colors_info=\u00a0\u00bb{}\u00a0\u00bb][\/et_pb_column][et_pb_column type=\u00a0\u00bb1_3&Prime; _builder_version=\u00a0\u00bb4.16&Prime; global_colors_info=\u00a0\u00bb{}\u00a0\u00bb][\/et_pb_column][\/et_pb_row][et_pb_row _builder_version=\u00a0\u00bb4.16&Prime; _module_preset=\u00a0\u00bbdefault\u00a0\u00bb global_colors_info=\u00a0\u00bb{}\u00a0\u00bb][et_pb_column type=\u00a0\u00bb4_4&Prime; _builder_version=\u00a0\u00bb4.16&Prime; _module_preset=\u00a0\u00bbdefault\u00a0\u00bb global_colors_info=\u00a0\u00bb{}\u00a0\u00bb][et_pb_text _builder_version=\u00a0\u00bb4.16&Prime; _module_preset=\u00a0\u00bbdefault\u00a0\u00bb global_colors_info=\u00a0\u00bb{}\u00a0\u00bb]<\/p>\n<p><iframe loading=\"lazy\" title=\"YouTube video player\" src=\"https:\/\/www.youtube.com\/embed\/s2gHygkoweY\" width=\"853\" height=\"480\" frameborder=\"0\" allowfullscreen=\"allowfullscreen\"><\/iframe><\/p>\n<p>[\/et_pb_text][\/et_pb_column][\/et_pb_row][\/et_pb_section]<\/p>\n","protected":false},"excerpt":{"rendered":"<p>La Via Ferrata Cala del Mol\u00ed, situ\u00e9e \u00e0 Sant Feliu de Gu\u00edxols au c\u0153ur de la Costa Brava, est la seule Via Ferrata au monde construite sur la mer.Tout le long du parcours, vous trouverez des murs de granit orange et de quartz qui, en contraste avec les tons bleus de la mer, font de [&hellip;]<\/p>\n","protected":false},"author":1,"featured_media":0,"parent":0,"menu_order":0,"comment_status":"closed","ping_status":"closed","template":"","meta":{"_et_pb_use_builder":"on","_et_pb_old_content":"","_et_gb_content_width":"","_joinchat":[],"footnotes":""},"class_list":["post-52461","page","type-page","status-publish","hentry"],"yoast_head":"<!-- This site is optimized with the Yoast SEO plugin v27.1.1 - https:\/\/yoast.com\/product\/yoast-seo-wordpress\/ -->\n<title>Accueil<\/title>\n<meta name=\"robots\" content=\"index, follow, max-snippet:-1, max-image-preview:large, max-video-preview:-1\" \/>\n<link rel=\"canonical\" href=\"https:\/\/viaferratacaladelmoli.com\/fr\/\" \/>\n<meta property=\"og:locale\" content=\"fr_FR\" \/>\n<meta property=\"og:type\" content=\"article\" \/>\n<meta property=\"og:title\" content=\"Accueil\" \/>\n<meta property=\"og:description\" content=\"La Via Ferrata Cala del Mol\u00ed, situ\u00e9e \u00e0 Sant Feliu de Gu\u00edxols au c\u0153ur de la Costa Brava, est la seule Via Ferrata au monde construite sur la mer.Tout le long du parcours, vous trouverez des murs de granit orange et de quartz qui, en contraste avec les tons bleus de la mer, font de [&hellip;]\" \/>\n<meta property=\"og:url\" content=\"https:\/\/viaferratacaladelmoli.com\/fr\/\" \/>\n<meta property=\"og:site_name\" content=\"Via Ferrata Cala del Moli\" \/>\n<meta property=\"article:publisher\" content=\"https:\/\/www.facebook.com\/Via-ferrata-cala-del-moli-1613952665562149\/?fref=ts\" \/>\n<meta property=\"article:modified_time\" content=\"2025-01-12T15:39:35+00:00\" \/>\n<meta name=\"twitter:card\" content=\"summary_large_image\" \/>\n<meta name=\"twitter:site\" content=\"@caladelmoli\" \/>\n<meta name=\"twitter:label1\" content=\"Dur\u00e9e de lecture estim\u00e9e\" \/>\n\t<meta name=\"twitter:data1\" content=\"2 minutes\" \/>\n<script type=\"application\/ld+json\" class=\"yoast-schema-graph\">{\"@context\":\"https:\/\/schema.org\",\"@graph\":[{\"@type\":\"WebPage\",\"@id\":\"https:\/\/viaferratacaladelmoli.com\/fr\/\",\"url\":\"https:\/\/viaferratacaladelmoli.com\/fr\/\",\"name\":\"Accueil\",\"isPartOf\":{\"@id\":\"https:\/\/viaferratacaladelmoli.com\/#website\"},\"datePublished\":\"2020-04-14T09:49:57+00:00\",\"dateModified\":\"2025-01-12T15:39:35+00:00\",\"breadcrumb\":{\"@id\":\"https:\/\/viaferratacaladelmoli.com\/fr\/#breadcrumb\"},\"inLanguage\":\"fr-FR\",\"potentialAction\":[{\"@type\":\"ReadAction\",\"target\":[\"https:\/\/viaferratacaladelmoli.com\/fr\/\"]}]},{\"@type\":\"BreadcrumbList\",\"@id\":\"https:\/\/viaferratacaladelmoli.com\/fr\/#breadcrumb\",\"itemListElement\":[{\"@type\":\"ListItem\",\"position\":1,\"name\":\"Portada\",\"item\":\"https:\/\/viaferratacaladelmoli.com\/fr\/\"},{\"@type\":\"ListItem\",\"position\":2,\"name\":\"Accueil\"}]},{\"@type\":\"WebSite\",\"@id\":\"https:\/\/viaferratacaladelmoli.com\/#website\",\"url\":\"https:\/\/viaferratacaladelmoli.com\/\",\"name\":\"Via Ferrata Cala del Moli\",\"description\":\"via Ferrata Cala del Moli, Sant Feliu de Guixols, Girona, spain\",\"potentialAction\":[{\"@type\":\"SearchAction\",\"target\":{\"@type\":\"EntryPoint\",\"urlTemplate\":\"https:\/\/viaferratacaladelmoli.com\/?s={search_term_string}\"},\"query-input\":{\"@type\":\"PropertyValueSpecification\",\"valueRequired\":true,\"valueName\":\"search_term_string\"}}],\"inLanguage\":\"fr-FR\"}]}<\/script>\n<!-- \/ Yoast SEO plugin. -->","yoast_head_json":{"title":"Accueil","robots":{"index":"index","follow":"follow","max-snippet":"max-snippet:-1","max-image-preview":"max-image-preview:large","max-video-preview":"max-video-preview:-1"},"canonical":"https:\/\/viaferratacaladelmoli.com\/fr\/","og_locale":"fr_FR","og_type":"article","og_title":"Accueil","og_description":"La Via Ferrata Cala del Mol\u00ed, situ\u00e9e \u00e0 Sant Feliu de Gu\u00edxols au c\u0153ur de la Costa Brava, est la seule Via Ferrata au monde construite sur la mer.Tout le long du parcours, vous trouverez des murs de granit orange et de quartz qui, en contraste avec les tons bleus de la mer, font de [&hellip;]","og_url":"https:\/\/viaferratacaladelmoli.com\/fr\/","og_site_name":"Via Ferrata Cala del Moli","article_publisher":"https:\/\/www.facebook.com\/Via-ferrata-cala-del-moli-1613952665562149\/?fref=ts","article_modified_time":"2025-01-12T15:39:35+00:00","twitter_card":"summary_large_image","twitter_site":"@caladelmoli","twitter_misc":{"Dur\u00e9e de lecture estim\u00e9e":"2 minutes"},"schema":{"@context":"https:\/\/schema.org","@graph":[{"@type":"WebPage","@id":"https:\/\/viaferratacaladelmoli.com\/fr\/","url":"https:\/\/viaferratacaladelmoli.com\/fr\/","name":"Accueil","isPartOf":{"@id":"https:\/\/viaferratacaladelmoli.com\/#website"},"datePublished":"2020-04-14T09:49:57+00:00","dateModified":"2025-01-12T15:39:35+00:00","breadcrumb":{"@id":"https:\/\/viaferratacaladelmoli.com\/fr\/#breadcrumb"},"inLanguage":"fr-FR","potentialAction":[{"@type":"ReadAction","target":["https:\/\/viaferratacaladelmoli.com\/fr\/"]}]},{"@type":"BreadcrumbList","@id":"https:\/\/viaferratacaladelmoli.com\/fr\/#breadcrumb","itemListElement":[{"@type":"ListItem","position":1,"name":"Portada","item":"https:\/\/viaferratacaladelmoli.com\/fr\/"},{"@type":"ListItem","position":2,"name":"Accueil"}]},{"@type":"WebSite","@id":"https:\/\/viaferratacaladelmoli.com\/#website","url":"https:\/\/viaferratacaladelmoli.com\/","name":"Via Ferrata Cala del Moli","description":"via Ferrata Cala del Moli, Sant Feliu de Guixols, Girona, spain","potentialAction":[{"@type":"SearchAction","target":{"@type":"EntryPoint","urlTemplate":"https:\/\/viaferratacaladelmoli.com\/?s={search_term_string}"},"query-input":{"@type":"PropertyValueSpecification","valueRequired":true,"valueName":"search_term_string"}}],"inLanguage":"fr-FR"}]}},"_links":{"self":[{"href":"https:\/\/viaferratacaladelmoli.com\/fr\/wp-json\/wp\/v2\/pages\/52461","targetHints":{"allow":["GET"]}}],"collection":[{"href":"https:\/\/viaferratacaladelmoli.com\/fr\/wp-json\/wp\/v2\/pages"}],"about":[{"href":"https:\/\/viaferratacaladelmoli.com\/fr\/wp-json\/wp\/v2\/types\/page"}],"author":[{"embeddable":true,"href":"https:\/\/viaferratacaladelmoli.com\/fr\/wp-json\/wp\/v2\/users\/1"}],"replies":[{"embeddable":true,"href":"https:\/\/viaferratacaladelmoli.com\/fr\/wp-json\/wp\/v2\/comments?post=52461"}],"version-history":[{"count":22,"href":"https:\/\/viaferratacaladelmoli.com\/fr\/wp-json\/wp\/v2\/pages\/52461\/revisions"}],"predecessor-version":[{"id":53732,"href":"https:\/\/viaferratacaladelmoli.com\/fr\/wp-json\/wp\/v2\/pages\/52461\/revisions\/53732"}],"wp:attachment":[{"href":"https:\/\/viaferratacaladelmoli.com\/fr\/wp-json\/wp\/v2\/media?parent=52461"}],"curies":[{"name":"wp","href":"https:\/\/api.w.org\/{rel}","templated":true}]}}