{"id":51538,"date":"2018-11-26T17:49:11","date_gmt":"2018-11-26T17:49:11","guid":{"rendered":"http:\/\/viaferratacaladelmoli.com\/galerie\/"},"modified":"2022-08-15T14:18:09","modified_gmt":"2022-08-15T14:18:09","slug":"galerie","status":"publish","type":"page","link":"https:\/\/viaferratacaladelmoli.com\/fr\/galerie\/","title":{"rendered":"Galerie"},"content":{"rendered":"<p>[et_pb_section fb_built=\u00a0\u00bb1&Prime; custom_padding_last_edited=\u00a0\u00bbon|desktop\u00a0\u00bb admin_label=\u00a0\u00bbsection\u00a0\u00bb _builder_version=\u00a0\u00bb3.22&Prime; custom_padding_tablet=\u00a0\u00bb50px|0|50px|0&Prime; custom_padding_phone=\u00a0\u00bb\u00a0\u00bb transparent_background=\u00a0\u00bboff\u00a0\u00bb padding_mobile=\u00a0\u00bboff\u00a0\u00bb][et_pb_row padding_mobile=\u00a0\u00bboff\u00a0\u00bb column_padding_mobile=\u00a0\u00bbon\u00a0\u00bb admin_label=\u00a0\u00bbrow\u00a0\u00bb _builder_version=\u00a0\u00bb3.25&Prime; background_size=\u00a0\u00bbinitial\u00a0\u00bb background_position=\u00a0\u00bbtop_left\u00a0\u00bb background_repeat=\u00a0\u00bbrepeat\u00a0\u00bb][et_pb_column type=\u00a0\u00bb4_4&Prime; _builder_version=\u00a0\u00bb3.25&Prime; custom_padding=\u00a0\u00bb|||\u00a0\u00bb custom_padding__hover=\u00a0\u00bb|||\u00a0\u00bb][et_pb_gallery gallery_ids=\u00a0\u00bb617,618,620,623,626,628,630,633,634,635,51129,51130,51131,51132,51134,51135,51137,51140,51141,51290,51295,51296,51299,51301,51677,51680,51682,51684,53371,53379,53433,53440,53454,53459,53463,53486,53520,53543,53557,53566,53577,53590,53598,53609,53620,53632,53641,53653&Prime; posts_number=\u00a0\u00bb10&Prime; show_title_and_caption=\u00a0\u00bboff\u00a0\u00bb zoom_icon_color=\u00a0\u00bb#2b823a\u00a0\u00bb _builder_version=\u00a0\u00bb4.9.1&Prime; title_font_size=\u00a0\u00bb29px\u00a0\u00bb caption_font_size=\u00a0\u00bb28px\u00a0\u00bb hover_enabled=\u00a0\u00bb0&Prime; use_border_color=\u00a0\u00bboff\u00a0\u00bb sticky_enabled=\u00a0\u00bb0&Prime;]&nbsp;<br \/>\n[\/et_pb_gallery][\/et_pb_column][\/et_pb_row][\/et_pb_section]<\/p>\n","protected":false},"excerpt":{"rendered":"<p>&nbsp;<\/p>\n","protected":false},"author":1,"featured_media":0,"parent":0,"menu_order":0,"comment_status":"closed","ping_status":"closed","template":"","meta":{"_et_pb_use_builder":"on","_et_pb_old_content":"","_et_gb_content_width":"","_joinchat":[],"footnotes":""},"class_list":["post-51538","page","type-page","status-publish","hentry"],"yoast_head":"<!-- This site is optimized with the Yoast SEO plugin v27.1.1 - https:\/\/yoast.com\/product\/yoast-seo-wordpress\/ -->\n<title>via ferrata cala del Moli,Sant Feliu de Guixols, Girona, Costa Brava<\/title>\n<meta name=\"description\" content=\"La v\u00eda Ferrata Cala del Moli,en Sant Feliu de Gu\u00edxols, es la \u00fanica de Europa que pasa por encima del mar, en la Costa brava en la comarca del Baix Empord\u00e0\" \/>\n<meta name=\"robots\" content=\"index, follow, max-snippet:-1, max-image-preview:large, max-video-preview:-1\" \/>\n<link rel=\"canonical\" href=\"https:\/\/viaferratacaladelmoli.com\/fr\/galerie\/\" \/>\n<meta property=\"og:locale\" content=\"fr_FR\" \/>\n<meta property=\"og:type\" content=\"article\" \/>\n<meta property=\"og:title\" content=\"via ferrata cala del Moli,Sant Feliu de Guixols, Girona, Costa Brava\" \/>\n<meta property=\"og:description\" content=\"La v\u00eda Ferrata Cala del Moli,en Sant Feliu de Gu\u00edxols, es la \u00fanica de Europa que pasa por encima del mar, en la Costa brava en la comarca del Baix Empord\u00e0\" \/>\n<meta property=\"og:url\" content=\"https:\/\/viaferratacaladelmoli.com\/fr\/galerie\/\" \/>\n<meta property=\"og:site_name\" content=\"Via Ferrata Cala del Moli\" \/>\n<meta property=\"article:publisher\" content=\"https:\/\/www.facebook.com\/Via-ferrata-cala-del-moli-1613952665562149\/?fref=ts\" \/>\n<meta property=\"article:modified_time\" content=\"2022-08-15T14:18:09+00:00\" \/>\n<meta name=\"twitter:card\" content=\"summary_large_image\" \/>\n<meta name=\"twitter:site\" content=\"@caladelmoli\" \/>\n<script type=\"application\/ld+json\" class=\"yoast-schema-graph\">{\"@context\":\"https:\/\/schema.org\",\"@graph\":[{\"@type\":\"WebPage\",\"@id\":\"https:\/\/viaferratacaladelmoli.com\/fr\/galerie\/\",\"url\":\"https:\/\/viaferratacaladelmoli.com\/fr\/galerie\/\",\"name\":\"via ferrata cala del Moli,Sant Feliu de Guixols, Girona, Costa Brava\",\"isPartOf\":{\"@id\":\"https:\/\/viaferratacaladelmoli.com\/#website\"},\"datePublished\":\"2018-11-26T17:49:11+00:00\",\"dateModified\":\"2022-08-15T14:18:09+00:00\",\"description\":\"La v\u00eda Ferrata Cala del Moli,en Sant Feliu de Gu\u00edxols, es la \u00fanica de Europa que pasa por encima del mar, en la Costa brava en la comarca del Baix Empord\u00e0\",\"breadcrumb\":{\"@id\":\"https:\/\/viaferratacaladelmoli.com\/fr\/galerie\/#breadcrumb\"},\"inLanguage\":\"fr-FR\",\"potentialAction\":[{\"@type\":\"ReadAction\",\"target\":[\"https:\/\/viaferratacaladelmoli.com\/fr\/galerie\/\"]}]},{\"@type\":\"BreadcrumbList\",\"@id\":\"https:\/\/viaferratacaladelmoli.com\/fr\/galerie\/#breadcrumb\",\"itemListElement\":[{\"@type\":\"ListItem\",\"position\":1,\"name\":\"Portada\",\"item\":\"https:\/\/viaferratacaladelmoli.com\/fr\/\"},{\"@type\":\"ListItem\",\"position\":2,\"name\":\"Galerie\"}]},{\"@type\":\"WebSite\",\"@id\":\"https:\/\/viaferratacaladelmoli.com\/#website\",\"url\":\"https:\/\/viaferratacaladelmoli.com\/\",\"name\":\"Via Ferrata Cala del Moli\",\"description\":\"via Ferrata Cala del Moli, Sant Feliu de Guixols, Girona, spain\",\"potentialAction\":[{\"@type\":\"SearchAction\",\"target\":{\"@type\":\"EntryPoint\",\"urlTemplate\":\"https:\/\/viaferratacaladelmoli.com\/?s={search_term_string}\"},\"query-input\":{\"@type\":\"PropertyValueSpecification\",\"valueRequired\":true,\"valueName\":\"search_term_string\"}}],\"inLanguage\":\"fr-FR\"}]}<\/script>\n<!-- \/ Yoast SEO plugin. -->","yoast_head_json":{"title":"via ferrata cala del Moli,Sant Feliu de Guixols, Girona, Costa Brava","description":"La v\u00eda Ferrata Cala del Moli,en Sant Feliu de Gu\u00edxols, es la \u00fanica de Europa que pasa por encima del mar, en la Costa brava en la comarca del Baix Empord\u00e0","robots":{"index":"index","follow":"follow","max-snippet":"max-snippet:-1","max-image-preview":"max-image-preview:large","max-video-preview":"max-video-preview:-1"},"canonical":"https:\/\/viaferratacaladelmoli.com\/fr\/galerie\/","og_locale":"fr_FR","og_type":"article","og_title":"via ferrata cala del Moli,Sant Feliu de Guixols, Girona, Costa Brava","og_description":"La v\u00eda Ferrata Cala del Moli,en Sant Feliu de Gu\u00edxols, es la \u00fanica de Europa que pasa por encima del mar, en la Costa brava en la comarca del Baix Empord\u00e0","og_url":"https:\/\/viaferratacaladelmoli.com\/fr\/galerie\/","og_site_name":"Via Ferrata Cala del Moli","article_publisher":"https:\/\/www.facebook.com\/Via-ferrata-cala-del-moli-1613952665562149\/?fref=ts","article_modified_time":"2022-08-15T14:18:09+00:00","twitter_card":"summary_large_image","twitter_site":"@caladelmoli","schema":{"@context":"https:\/\/schema.org","@graph":[{"@type":"WebPage","@id":"https:\/\/viaferratacaladelmoli.com\/fr\/galerie\/","url":"https:\/\/viaferratacaladelmoli.com\/fr\/galerie\/","name":"via ferrata cala del Moli,Sant Feliu de Guixols, Girona, Costa Brava","isPartOf":{"@id":"https:\/\/viaferratacaladelmoli.com\/#website"},"datePublished":"2018-11-26T17:49:11+00:00","dateModified":"2022-08-15T14:18:09+00:00","description":"La v\u00eda Ferrata Cala del Moli,en Sant Feliu de Gu\u00edxols, es la \u00fanica de Europa que pasa por encima del mar, en la Costa brava en la comarca del Baix Empord\u00e0","breadcrumb":{"@id":"https:\/\/viaferratacaladelmoli.com\/fr\/galerie\/#breadcrumb"},"inLanguage":"fr-FR","potentialAction":[{"@type":"ReadAction","target":["https:\/\/viaferratacaladelmoli.com\/fr\/galerie\/"]}]},{"@type":"BreadcrumbList","@id":"https:\/\/viaferratacaladelmoli.com\/fr\/galerie\/#breadcrumb","itemListElement":[{"@type":"ListItem","position":1,"name":"Portada","item":"https:\/\/viaferratacaladelmoli.com\/fr\/"},{"@type":"ListItem","position":2,"name":"Galerie"}]},{"@type":"WebSite","@id":"https:\/\/viaferratacaladelmoli.com\/#website","url":"https:\/\/viaferratacaladelmoli.com\/","name":"Via Ferrata Cala del Moli","description":"via Ferrata Cala del Moli, Sant Feliu de Guixols, Girona, spain","potentialAction":[{"@type":"SearchAction","target":{"@type":"EntryPoint","urlTemplate":"https:\/\/viaferratacaladelmoli.com\/?s={search_term_string}"},"query-input":{"@type":"PropertyValueSpecification","valueRequired":true,"valueName":"search_term_string"}}],"inLanguage":"fr-FR"}]}},"_links":{"self":[{"href":"https:\/\/viaferratacaladelmoli.com\/fr\/wp-json\/wp\/v2\/pages\/51538","targetHints":{"allow":["GET"]}}],"collection":[{"href":"https:\/\/viaferratacaladelmoli.com\/fr\/wp-json\/wp\/v2\/pages"}],"about":[{"href":"https:\/\/viaferratacaladelmoli.com\/fr\/wp-json\/wp\/v2\/types\/page"}],"author":[{"embeddable":true,"href":"https:\/\/viaferratacaladelmoli.com\/fr\/wp-json\/wp\/v2\/users\/1"}],"replies":[{"embeddable":true,"href":"https:\/\/viaferratacaladelmoli.com\/fr\/wp-json\/wp\/v2\/comments?post=51538"}],"version-history":[{"count":22,"href":"https:\/\/viaferratacaladelmoli.com\/fr\/wp-json\/wp\/v2\/pages\/51538\/revisions"}],"predecessor-version":[{"id":53656,"href":"https:\/\/viaferratacaladelmoli.com\/fr\/wp-json\/wp\/v2\/pages\/51538\/revisions\/53656"}],"wp:attachment":[{"href":"https:\/\/viaferratacaladelmoli.com\/fr\/wp-json\/wp\/v2\/media?parent=51538"}],"curies":[{"name":"wp","href":"https:\/\/api.w.org\/{rel}","templated":true}]}}