{"id":51773,"date":"2019-11-25T08:48:53","date_gmt":"2019-11-25T08:48:53","guid":{"rendered":"https:\/\/viaferratacaladelmoli.com\/how-we-are\/"},"modified":"2020-05-14T16:20:32","modified_gmt":"2020-05-14T16:20:32","slug":"how-we-are","status":"publish","type":"page","link":"https:\/\/viaferratacaladelmoli.com\/en\/how-we-are\/","title":{"rendered":"How we are"},"content":{"rendered":"<p>[et_pb_section fb_built=&#8221;1&#8243; inner_shadow=&#8221;on&#8221; fullwidth=&#8221;on&#8221; custom_padding_last_edited=&#8221;on|desktop&#8221; admin_label=&#8221;section&#8221; _builder_version=&#8221;3.22&#8243; background_color=&#8221;#6aceb6&#8243; background_image=&#8221;https:\/\/viaferratacaladelmoli.com\/wp-content\/uploads\/2016\/11\/fotoviaferratanew555.6-1.jpg&#8221; parallax=&#8221;on&#8221; parallax_method=&#8221;off&#8221; custom_margin=&#8221;-50px||-50px|&#8221; custom_padding_tablet=&#8221;50px|0|50px|0&#8243; custom_padding_phone=&#8221;&#8221; transparent_background=&#8221;off&#8221; padding_mobile=&#8221;off&#8221;][et_pb_fullwidth_header subhead=&#8221;We are prepared to make your trip on Via Ferrata woderfull&#8221; header_fullscreen=&#8221;on&#8221; background_overlay_color=&#8221;rgba(0,0,0,0)&#8221; admin_label=&#8221;T\u00edtulo de anchura completa&#8221; _builder_version=&#8221;4.4.2&#8243; subhead_font_size=&#8221;22px&#8221; background_color=&#8221;rgba(255, 255, 255, 0)&#8221; background_image=&#8221;https:\/\/viaferratacaladelmoli.com\/wp-content\/uploads\/2017\/01\/viaferrataquienessomos.gif&#8221; background_url=&#8221;https:\/\/viaferratacaladelmoli.com\/wp-content\/uploads\/2017\/01\/viaferrataquienessomos.gif&#8221; button_one_text_size__hover_enabled=&#8221;off&#8221; button_two_text_size__hover_enabled=&#8221;off&#8221; button_one_text_color__hover_enabled=&#8221;off&#8221; button_two_text_color__hover_enabled=&#8221;off&#8221; button_one_border_width__hover_enabled=&#8221;off&#8221; button_two_border_width__hover_enabled=&#8221;off&#8221; button_one_border_color__hover_enabled=&#8221;off&#8221; button_two_border_color__hover_enabled=&#8221;off&#8221; button_one_border_radius__hover_enabled=&#8221;off&#8221; button_two_border_radius__hover_enabled=&#8221;off&#8221; button_one_letter_spacing__hover_enabled=&#8221;off&#8221; button_two_letter_spacing__hover_enabled=&#8221;off&#8221; button_one_bg_color__hover_enabled=&#8221;off&#8221; button_two_bg_color__hover_enabled=&#8221;off&#8221;][\/et_pb_fullwidth_header][\/et_pb_section][et_pb_section fb_built=&#8221;1&#8243; admin_label=&#8221;section&#8221; _builder_version=&#8221;3.22&#8243; top_divider_style=&#8221;waves2&#8243; top_divider_color=&#8221;rgba(43,130,58,0.79)&#8221;][et_pb_row column_structure=&#8221;1_2,1_2&#8243; _builder_version=&#8221;4.4.2&#8243;][et_pb_column type=&#8221;1_2&#8243; _builder_version=&#8221;3.25&#8243; custom_padding=&#8221;|||&#8221; custom_padding__hover=&#8221;|||&#8221;][dsm_perspective_image _builder_version=&#8221;4.4.2&#8243;][\/dsm_perspective_image][dsm_perspective_image src=&#8221;https:\/\/viaferratacaladelmoli.com\/wp-content\/uploads\/2019\/06\/20190625_213839.jpg&#8221; perspective=&#8221;846px&#8221; dsm_rotate_y=&#8221;25deg&#8221; dsm_rotate_x=&#8221;25deg&#8221; dsm_rotate_z=&#8221;-15deg&#8221; _builder_version=&#8221;4.4.2&#8243;][\/dsm_perspective_image][\/et_pb_column][et_pb_column type=&#8221;1_2&#8243; _builder_version=&#8221;3.25&#8243; custom_padding=&#8221;|||&#8221; custom_padding__hover=&#8221;|||&#8221;][\/et_pb_column][\/et_pb_row][et_pb_row _builder_version=&#8221;3.25&#8243;][et_pb_column type=&#8221;4_4&#8243; _builder_version=&#8221;3.25&#8243; custom_padding=&#8221;|||&#8221; custom_padding__hover=&#8221;|||&#8221;][et_pb_text admin_label=&#8221;Text&#8221; _builder_version=&#8221;3.27.4&#8243; text_font=&#8221;|on|||&#8221; text_font_size=&#8221;30&#8243; header_font=&#8221;|700|||||||&#8221; header_text_color=&#8221;rgba(43,130,58,0.79)&#8221; header_font_size=&#8221;35px&#8221; background_size=&#8221;initial&#8221; background_position=&#8221;top_left&#8221; background_repeat=&#8221;repeat&#8221; custom_margin=&#8221;50px|||&#8221; header_text_shadow_style=&#8221;preset1&#8243; border_color_all=&#8221;rgba(43,130,58,0.79)&#8221; use_border_color=&#8221;off&#8221; border_color=&#8221;#ffffff&#8221; border_style=&#8221;solid&#8221;]<\/p>\n<h1><strong>DANI<\/strong><\/h1>\n<p>[\/et_pb_text][et_pb_text admin_label=&#8221;Text&#8221; _builder_version=&#8221;3.27.4&#8243; text_font=&#8221;||on||||||&#8221; text_text_color=&#8221;rgba(43,130,58,0.79)&#8221; header_font=&#8221;||on|on|||||&#8221; header_text_color=&#8221;rgba(43,130,58,0.79)&#8221; header_2_font=&#8221;||||||||&#8221; background_color=&#8221;rgba(77,158,26,0)&#8221; background_size=&#8221;initial&#8221; background_position=&#8221;top_left&#8221; background_repeat=&#8221;repeat&#8221; header_text_shadow_style=&#8221;preset4&#8243; header_text_shadow_vertical_length=&#8221;0.09em&#8221; header_text_shadow_color=&#8221;rgba(43,130,58,0.79)&#8221; use_border_color=&#8221;off&#8221; border_color=&#8221;#ffffff&#8221; border_style=&#8221;solid&#8221;]<\/p>\n<h4><strong>Responsable via guiada<\/strong><\/h4>\n<h4><\/h4>\n<p>[\/et_pb_text][et_pb_text _builder_version=&#8221;3.27.4&#8243; text_font=&#8221;||||||||&#8221; text_font_size=&#8221;17px&#8221;]<\/p>\n<p><strong>&#8211; Gu\u00eda certificado por barrancos.<\/strong><\/p>\n<p><strong>&#8211; N\u00famero ROPEC*: 030774.<\/strong><\/p>\n<p><strong>&#8211; Seguro RC &#8211; AXA Insurance &#8211; P\u00f3liza IIG2019000484.<\/strong><\/p>\n<p>[\/et_pb_text][\/et_pb_column][\/et_pb_row][et_pb_row _builder_version=&#8221;4.4.2&#8243;][et_pb_column type=&#8221;4_4&#8243; _builder_version=&#8221;4.4.2&#8243;][et_pb_counters _builder_version=&#8221;4.4.2&#8243;][et_pb_counter percent=&#8221;100&#8243; bar_background_color=&#8221;#e09900&#8243; _builder_version=&#8221;4.4.2&#8243; title_text_color=&#8221;#000000&#8243; title_font_size=&#8221;19px&#8221; background_enable_color_default=&#8221;on&#8221; parallax_default=&#8221;off&#8221; parallax_method_default=&#8221;on&#8221; bar_background_color_default=&#8221;#2b823a&#8221; use_percentages=&#8221;on&#8221; allow_player_pause_default=&#8221;off&#8221;]Technical level in Via Ferrata[\/et_pb_counter][et_pb_counter percent=&#8221;100&#8243; bar_background_color=&#8221;#e09900&#8243; _builder_version=&#8221;4.4.2&#8243; title_text_color=&#8221;#000000&#8243; title_font_size=&#8221;19px&#8221; background_enable_color_default=&#8221;on&#8221; parallax_default=&#8221;off&#8221; parallax_method_default=&#8221;on&#8221; bar_background_color_default=&#8221;#2b823a&#8221; use_percentages=&#8221;on&#8221; allow_player_pause_default=&#8221;off&#8221;]Technical level in Canyoning[\/et_pb_counter][et_pb_counter percent=&#8221;75&#8243; bar_background_color=&#8221;#e09900&#8243; _builder_version=&#8221;4.4.2&#8243; title_text_color=&#8221;#000000&#8243; title_font_size=&#8221;19px&#8221; background_enable_color_default=&#8221;on&#8221; parallax_default=&#8221;off&#8221; parallax_method_default=&#8221;on&#8221; bar_background_color_default=&#8221;#2b823a&#8221; use_percentages=&#8221;on&#8221; allow_player_pause_default=&#8221;off&#8221;]Technical level in climbing[\/et_pb_counter][\/et_pb_counters][\/et_pb_column][\/et_pb_row][et_pb_row _builder_version=&#8221;4.4.2&#8243;][et_pb_column type=&#8221;4_4&#8243; _builder_version=&#8221;4.4.2&#8243;][et_pb_counters _builder_version=&#8221;4.4.2&#8243;][et_pb_counter percent=&#8221;100&#8243; bar_background_color=&#8221;#0c71c3&#8243; _builder_version=&#8221;4.4.2&#8243; title_text_color=&#8221;#000000&#8243; title_font_size=&#8221;19px&#8221; percent_text_color=&#8221;#f4f4f4&#8243; background_enable_color_default=&#8221;on&#8221; parallax_default=&#8221;off&#8221; parallax_method_default=&#8221;on&#8221; bar_background_color_default=&#8221;#2b823a&#8221; use_percentages=&#8221;on&#8221; allow_player_pause_default=&#8221;off&#8221;]Catalan[\/et_pb_counter][et_pb_counter percent=&#8221;100&#8243; bar_background_color=&#8221;#0c71c3&#8243; _builder_version=&#8221;4.4.2&#8243; title_text_color=&#8221;#000000&#8243; title_font_size=&#8221;19px&#8221; percent_text_color=&#8221;#f4f4f4&#8243; background_enable_color_default=&#8221;on&#8221; parallax_default=&#8221;off&#8221; parallax_method_default=&#8221;on&#8221; bar_background_color_default=&#8221;#2b823a&#8221; use_percentages=&#8221;on&#8221; allow_player_pause_default=&#8221;off&#8221;]English[\/et_pb_counter][et_pb_counter percent=&#8221;50&#8243; bar_background_color=&#8221;#0c71c3&#8243; _builder_version=&#8221;4.4.2&#8243; title_text_color=&#8221;#000000&#8243; title_font_size=&#8221;19px&#8221; percent_text_color=&#8221;#f4f4f4&#8243; background_enable_color_default=&#8221;on&#8221; parallax_default=&#8221;off&#8221; parallax_method_default=&#8221;on&#8221; bar_background_color_default=&#8221;#2b823a&#8221; use_percentages=&#8221;on&#8221; allow_player_pause_default=&#8221;off&#8221;]English[\/et_pb_counter][et_pb_counter percent=&#8221;25&#8243; bar_background_color=&#8221;#0c71c3&#8243; _builder_version=&#8221;4.4.2&#8243; title_text_color=&#8221;#000000&#8243; title_font_size=&#8221;19px&#8221; percent_text_color=&#8221;#f4f4f4&#8243; background_enable_color_default=&#8221;on&#8221; parallax_default=&#8221;off&#8221; parallax_method_default=&#8221;on&#8221; bar_background_color_default=&#8221;#2b823a&#8221; use_percentages=&#8221;on&#8221; allow_player_pause_default=&#8221;off&#8221;]French[\/et_pb_counter][\/et_pb_counters][\/et_pb_column][\/et_pb_row][et_pb_row _builder_version=&#8221;3.25&#8243;][et_pb_column type=&#8221;4_4&#8243; _builder_version=&#8221;3.25&#8243; custom_padding=&#8221;|||&#8221; custom_padding__hover=&#8221;|||&#8221;][et_pb_text admin_label=&#8221;Text&#8221; _builder_version=&#8221;4.4.2&#8243; text_font=&#8221;|on|||&#8221; text_font_size=&#8221;30&#8243; header_font=&#8221;|700|||||||&#8221; header_text_color=&#8221;rgba(43,130,58,0.79)&#8221; header_font_size=&#8221;35px&#8221; background_size=&#8221;initial&#8221; background_position=&#8221;top_left&#8221; background_repeat=&#8221;repeat&#8221; custom_margin=&#8221;50px|||&#8221; hover_enabled=&#8221;0&#8243; header_text_shadow_style=&#8221;preset1&#8243; border_color_all=&#8221;rgba(43,130,58,0.79)&#8221; use_border_color=&#8221;off&#8221; border_color=&#8221;#ffffff&#8221; border_style=&#8221;solid&#8221;]<\/p>\n<h1><strong>JEAN PATRICK\u00a0<\/strong><\/h1>\n<p>[\/et_pb_text][et_pb_text admin_label=&#8221;Text&#8221; _builder_version=&#8221;3.27.4&#8243; text_font=&#8221;||on||||||&#8221; text_text_color=&#8221;rgba(43,130,58,0.79)&#8221; header_font=&#8221;||on|on|||||&#8221; header_text_color=&#8221;rgba(43,130,58,0.79)&#8221; header_2_font=&#8221;||||||||&#8221; background_color=&#8221;rgba(77,158,26,0)&#8221; background_size=&#8221;initial&#8221; background_position=&#8221;top_left&#8221; background_repeat=&#8221;repeat&#8221; header_text_shadow_style=&#8221;preset4&#8243; header_text_shadow_vertical_length=&#8221;0.09em&#8221; header_text_shadow_color=&#8221;rgba(43,130,58,0.79)&#8221; use_border_color=&#8221;off&#8221; border_color=&#8221;#ffffff&#8221; border_style=&#8221;solid&#8221;]<\/p>\n<h4><strong>Equipment manager and clients assistant<\/strong><\/h4>\n<h4><\/h4>\n<p>[\/et_pb_text][et_pb_text _builder_version=&#8221;4.4.2&#8243; text_font=&#8221;||||||||&#8221; text_font_size=&#8221;17px&#8221; hover_enabled=&#8221;0&#8243;]<\/p>\n<p><strong>&#8211; T\u00e9cnico deportivo en barrancos nivel II.<\/strong><\/p>\n<p><strong>&#8211; N\u00famero ROPEC* 025041.<\/strong><\/p>\n<p><strong>&#8211; Seguro RC &#8211; AXA Insurance &#8211; P\u00f3liza IIG2019000483.<\/strong><\/p>\n<p><strong>&#8211; Seguro accidente &#8211; Lai Seguradora &#8211; Numero 0111318.<\/strong><\/p>\n<p>[\/et_pb_text][\/et_pb_column][\/et_pb_row][et_pb_row _builder_version=&#8221;4.4.2&#8243;][et_pb_column type=&#8221;4_4&#8243; _builder_version=&#8221;4.4.2&#8243;][et_pb_counters _builder_version=&#8221;4.4.2&#8243;][et_pb_counter percent=&#8221;100&#8243; bar_background_color=&#8221;#e09900&#8243; _builder_version=&#8221;4.4.2&#8243; title_text_color=&#8221;#000000&#8243; title_font_size=&#8221;19px&#8221; background_enable_color_default=&#8221;on&#8221; parallax_default=&#8221;off&#8221; parallax_method_default=&#8221;on&#8221; bar_background_color_default=&#8221;#2b823a&#8221; use_percentages=&#8221;on&#8221; allow_player_pause_default=&#8221;off&#8221;]Technical level in Via Ferrata[\/et_pb_counter][et_pb_counter percent=&#8221;75&#8243; bar_background_color=&#8221;#e09900&#8243; _builder_version=&#8221;4.4.2&#8243; title_text_color=&#8221;#000000&#8243; title_font_size=&#8221;19px&#8221; background_enable_color_default=&#8221;on&#8221; parallax_default=&#8221;off&#8221; parallax_method_default=&#8221;on&#8221; bar_background_color_default=&#8221;#2b823a&#8221; use_percentages=&#8221;on&#8221; allow_player_pause_default=&#8221;off&#8221;]Technical level in Canyoning[\/et_pb_counter][et_pb_counter percent=&#8221;100&#8243; bar_background_color=&#8221;#e09900&#8243; _builder_version=&#8221;4.4.2&#8243; title_text_color=&#8221;#000000&#8243; title_font_size=&#8221;19px&#8221; background_enable_color_default=&#8221;on&#8221; parallax_default=&#8221;off&#8221; parallax_method_default=&#8221;on&#8221; bar_background_color_default=&#8221;#2b823a&#8221; use_percentages=&#8221;on&#8221; allow_player_pause_default=&#8221;off&#8221;]Technical level in Coastering[\/et_pb_counter][\/et_pb_counters][\/et_pb_column][\/et_pb_row][et_pb_row _builder_version=&#8221;4.4.2&#8243;][et_pb_column type=&#8221;4_4&#8243; _builder_version=&#8221;4.4.2&#8243;][et_pb_counters _builder_version=&#8221;4.4.2&#8243;][et_pb_counter percent=&#8221;50&#8243; bar_background_color=&#8221;#0c71c3&#8243; _builder_version=&#8221;4.4.2&#8243; title_text_color=&#8221;#000000&#8243; title_font_size=&#8221;19px&#8221; background_enable_color_default=&#8221;on&#8221; parallax_default=&#8221;off&#8221; parallax_method_default=&#8221;on&#8221; bar_background_color_default=&#8221;#2b823a&#8221; use_percentages=&#8221;on&#8221; allow_player_pause_default=&#8221;off&#8221;]Catalan[\/et_pb_counter][et_pb_counter percent=&#8221;100&#8243; bar_background_color=&#8221;#0c71c3&#8243; _builder_version=&#8221;4.4.2&#8243; title_text_color=&#8221;#000000&#8243; title_font_size=&#8221;19px&#8221; background_enable_color_default=&#8221;on&#8221; parallax_default=&#8221;off&#8221; parallax_method_default=&#8221;on&#8221; bar_background_color_default=&#8221;#2b823a&#8221; use_percentages=&#8221;on&#8221; allow_player_pause_default=&#8221;off&#8221;]English[\/et_pb_counter][et_pb_counter percent=&#8221;75&#8243; bar_background_color=&#8221;#0c71c3&#8243; _builder_version=&#8221;4.4.2&#8243; title_text_color=&#8221;#000000&#8243; title_font_size=&#8221;19px&#8221; background_enable_color_default=&#8221;on&#8221; parallax_default=&#8221;off&#8221; parallax_method_default=&#8221;on&#8221; bar_background_color_default=&#8221;#2b823a&#8221; use_percentages=&#8221;on&#8221; allow_player_pause_default=&#8221;off&#8221;]English[\/et_pb_counter][et_pb_counter percent=&#8221;100&#8243; bar_background_color=&#8221;#0c71c3&#8243; _builder_version=&#8221;4.4.2&#8243; title_text_color=&#8221;#000000&#8243; title_font_size=&#8221;19px&#8221; background_enable_color_default=&#8221;on&#8221; parallax_default=&#8221;off&#8221; parallax_method_default=&#8221;on&#8221; bar_background_color_default=&#8221;#2b823a&#8221; use_percentages=&#8221;on&#8221; allow_player_pause_default=&#8221;off&#8221;]French[\/et_pb_counter][\/et_pb_counters][et_pb_text _builder_version=&#8221;3.27.4&#8243; text_font=&#8221;||||||||&#8221; text_text_color=&#8221;rgba(43,130,58,0.79)&#8221; text_font_size=&#8221;22px&#8221; custom_margin=&#8221;8px||&#8221; custom_padding=&#8221;35px||&#8221;]<\/p>\n<p><strong>* ROPEC: Registre Oficial de Professionals de l&#8217;esport de Catalunya<\/strong><\/p>\n<p>[\/et_pb_text][\/et_pb_column][\/et_pb_row][et_pb_row column_structure=&#8221;1_3,1_3,1_3&#8243; _builder_version=&#8221;4.4.2&#8243;][et_pb_column type=&#8221;1_3&#8243; _builder_version=&#8221;4.4.2&#8243;][\/et_pb_column][et_pb_column type=&#8221;1_3&#8243; _builder_version=&#8221;4.4.2&#8243;][\/et_pb_column][et_pb_column type=&#8221;1_3&#8243; _builder_version=&#8221;4.4.2&#8243;][et_pb_blurb_extended title=&#8221;Make your reservation on Via Ferrata Cala del Mol\u00ed from 30 \u20ac&#8221; url=&#8221;https:\/\/viaferratacaladelmoli.com\/en\/contact\/&#8221; read_more_button=&#8221;on&#8221; read_more_text=&#8221;Book now&#8221; read_more_hover_background_color=&#8221;#f2f2f2&#8243; read_more_hover_text_color=&#8221;#000000&#8243; use_icon=&#8221;on&#8221; font_icon=&#8221;%%49%%&#8221; icon_color=&#8221;#f2f2f2&#8243; use_icon_font_size=&#8221;on&#8221; icon_font_size=&#8221;30px&#8221; icon_hover_color=&#8221;#000000&#8243; style_icon=&#8221;on&#8221; shape_color=&#8221;rgba(43,130,58,0.79)&#8221; shape_hover_color=&#8221;#edf000&#8243; use_shape_border=&#8221;on&#8221; shape_border_hover_color=&#8221;#000000&#8243; content_background_color=&#8221;#e09900&#8243; text_hover_color=&#8221;#e09900&#8243; blurb_layout=&#8221;borderbox&#8221; borderbox_border_color=&#8221;rgba(43,130,58,0.79)&#8221; _builder_version=&#8221;4.4.2&#8243; header_text_color=&#8221;#efefef&#8221; header_font_size=&#8221;19px&#8221; custom_read_more=&#8221;on&#8221; read_more_text_size=&#8221;15px&#8221; read_more_text_color=&#8221;#000000&#8243; read_more_bg_color=&#8221;#efefef&#8221;][\/et_pb_blurb_extended][\/et_pb_column][\/et_pb_row][\/et_pb_section]<\/p>\n","protected":false},"excerpt":{"rendered":"<p><div class=\"et_pb_module dsm_perspective_image dsm_perspective_image_0\">\n\t\t\t\t\n\t\t\t\t\n\t\t\t\t\n\t\t\t\t\n\t\t\t\t\n\t\t\t\t\n\t\t\t\t<div class=\"et_pb_module_inner\">\n\t\t\t\t\t<div class=\"dsm-perspective-image-wrapper et_always_center_on_mobile\">\n\t\t\t\t\n\t\t\t\t\n\t\t\t\t<span class=\"et_pb_image_wrap \"><img decoding=\"async\" src=\"\" alt=\"\" \/><\/span>\n\t\t\t<\/div>\n\t\t\t\t<\/div>\n\t\t\t<\/div><div class=\"et_pb_module dsm_perspective_image dsm_perspective_image_1\">\n\t\t\t\t\n\t\t\t\t\n\t\t\t\t\n\t\t\t\t\n\t\t\t\t\n\t\t\t\t\n\t\t\t\t<div class=\"et_pb_module_inner\">\n\t\t\t\t\t<div class=\"dsm-perspective-image-wrapper et_always_center_on_mobile\">\n\t\t\t\t\n\t\t\t\t\n\t\t\t\t<span class=\"et_pb_image_wrap \"><img decoding=\"async\" src=\"https:\/\/viaferratacaladelmoli.com\/wp-content\/uploads\/2019\/06\/20190625_213839.jpg\" alt=\"\" \/><\/span>\n\t\t\t<\/div>\n\t\t\t\t<\/div>\n\t\t\t<\/div>DANIResponsable via guiada &#8211; Gu\u00eda certificado por barrancos. &#8211; N\u00famero ROPEC*: 030774. &#8211; Seguro RC &#8211; AXA Insurance &#8211; P\u00f3liza IIG2019000484.Technical level in Via FerrataTechnical level in CanyoningTechnical level in climbingCatalanEnglishEnglishFrenchJEAN PATRICK\u00a0Equipment manager and clients assistant &#8211; T\u00e9cnico deportivo en barrancos nivel II. &#8211; N\u00famero ROPEC* 025041. &#8211; [&hellip;]<\/p>\n","protected":false},"author":1,"featured_media":0,"parent":0,"menu_order":0,"comment_status":"closed","ping_status":"closed","template":"","meta":{"_et_pb_use_builder":"on","_et_pb_old_content":"","_et_gb_content_width":"","_joinchat":[],"footnotes":""},"class_list":["post-51773","page","type-page","status-publish","hentry"],"yoast_head":"<!-- This site is optimized with the Yoast SEO plugin v27.4 - https:\/\/yoast.com\/product\/yoast-seo-wordpress\/ -->\n<title>vla ferrata cala del Moli,Sant Feliu de Guixols, Costa Brava, Girona<\/title>\n<meta name=\"description\" content=\"via ferrata cala del Moli, Sant Feliu de Guixols, Costa Brava, Girona, spain\" \/>\n<meta name=\"robots\" content=\"index, follow, max-snippet:-1, max-image-preview:large, max-video-preview:-1\" \/>\n<link rel=\"canonical\" href=\"https:\/\/viaferratacaladelmoli.com\/en\/how-we-are\/\" \/>\n<meta property=\"og:locale\" content=\"en_US\" \/>\n<meta property=\"og:type\" content=\"article\" \/>\n<meta property=\"og:title\" content=\"vla ferrata cala del Moli,Sant Feliu de Guixols, Costa Brava, Girona\" \/>\n<meta property=\"og:description\" content=\"via ferrata cala del Moli, Sant Feliu de Guixols, Costa Brava, Girona, spain\" \/>\n<meta property=\"og:url\" content=\"https:\/\/viaferratacaladelmoli.com\/en\/how-we-are\/\" \/>\n<meta property=\"og:site_name\" content=\"Via Ferrata Cala del Moli\" \/>\n<meta property=\"article:publisher\" content=\"https:\/\/www.facebook.com\/Via-ferrata-cala-del-moli-1613952665562149\/?fref=ts\" \/>\n<meta property=\"article:modified_time\" content=\"2020-05-14T16:20:32+00:00\" \/>\n<meta name=\"twitter:card\" content=\"summary_large_image\" \/>\n<meta name=\"twitter:site\" content=\"@caladelmoli\" \/>\n<meta name=\"twitter:label1\" content=\"Est. reading time\" \/>\n\t<meta name=\"twitter:data1\" content=\"9 minutes\" \/>\n<script type=\"application\/ld+json\" class=\"yoast-schema-graph\">{\"@context\":\"https:\\\/\\\/schema.org\",\"@graph\":[{\"@type\":\"WebPage\",\"@id\":\"https:\\\/\\\/viaferratacaladelmoli.com\\\/en\\\/how-we-are\\\/\",\"url\":\"https:\\\/\\\/viaferratacaladelmoli.com\\\/en\\\/how-we-are\\\/\",\"name\":\"vla ferrata cala del Moli,Sant Feliu de Guixols, Costa Brava, Girona\",\"isPartOf\":{\"@id\":\"https:\\\/\\\/viaferratacaladelmoli.com\\\/#website\"},\"datePublished\":\"2019-11-25T08:48:53+00:00\",\"dateModified\":\"2020-05-14T16:20:32+00:00\",\"description\":\"via ferrata cala del Moli, Sant Feliu de Guixols, Costa Brava, Girona, spain\",\"breadcrumb\":{\"@id\":\"https:\\\/\\\/viaferratacaladelmoli.com\\\/en\\\/how-we-are\\\/#breadcrumb\"},\"inLanguage\":\"en-US\",\"potentialAction\":[{\"@type\":\"ReadAction\",\"target\":[\"https:\\\/\\\/viaferratacaladelmoli.com\\\/en\\\/how-we-are\\\/\"]}]},{\"@type\":\"BreadcrumbList\",\"@id\":\"https:\\\/\\\/viaferratacaladelmoli.com\\\/en\\\/how-we-are\\\/#breadcrumb\",\"itemListElement\":[{\"@type\":\"ListItem\",\"position\":1,\"name\":\"Portada\",\"item\":\"https:\\\/\\\/viaferratacaladelmoli.com\\\/en\\\/\"},{\"@type\":\"ListItem\",\"position\":2,\"name\":\"How we are\"}]},{\"@type\":\"WebSite\",\"@id\":\"https:\\\/\\\/viaferratacaladelmoli.com\\\/#website\",\"url\":\"https:\\\/\\\/viaferratacaladelmoli.com\\\/\",\"name\":\"Via Ferrata Cala del Moli\",\"description\":\"via Ferrata Cala del Moli, Sant Feliu de Guixols, Girona, spain\",\"potentialAction\":[{\"@type\":\"SearchAction\",\"target\":{\"@type\":\"EntryPoint\",\"urlTemplate\":\"https:\\\/\\\/viaferratacaladelmoli.com\\\/?s={search_term_string}\"},\"query-input\":{\"@type\":\"PropertyValueSpecification\",\"valueRequired\":true,\"valueName\":\"search_term_string\"}}],\"inLanguage\":\"en-US\"}]}<\/script>\n<!-- \/ Yoast SEO plugin. -->","yoast_head_json":{"title":"vla ferrata cala del Moli,Sant Feliu de Guixols, Costa Brava, Girona","description":"via ferrata cala del Moli, Sant Feliu de Guixols, Costa Brava, Girona, spain","robots":{"index":"index","follow":"follow","max-snippet":"max-snippet:-1","max-image-preview":"max-image-preview:large","max-video-preview":"max-video-preview:-1"},"canonical":"https:\/\/viaferratacaladelmoli.com\/en\/how-we-are\/","og_locale":"en_US","og_type":"article","og_title":"vla ferrata cala del Moli,Sant Feliu de Guixols, Costa Brava, Girona","og_description":"via ferrata cala del Moli, Sant Feliu de Guixols, Costa Brava, Girona, spain","og_url":"https:\/\/viaferratacaladelmoli.com\/en\/how-we-are\/","og_site_name":"Via Ferrata Cala del Moli","article_publisher":"https:\/\/www.facebook.com\/Via-ferrata-cala-del-moli-1613952665562149\/?fref=ts","article_modified_time":"2020-05-14T16:20:32+00:00","twitter_card":"summary_large_image","twitter_site":"@caladelmoli","twitter_misc":{"Est. reading time":"9 minutes"},"schema":{"@context":"https:\/\/schema.org","@graph":[{"@type":"WebPage","@id":"https:\/\/viaferratacaladelmoli.com\/en\/how-we-are\/","url":"https:\/\/viaferratacaladelmoli.com\/en\/how-we-are\/","name":"vla ferrata cala del Moli,Sant Feliu de Guixols, Costa Brava, Girona","isPartOf":{"@id":"https:\/\/viaferratacaladelmoli.com\/#website"},"datePublished":"2019-11-25T08:48:53+00:00","dateModified":"2020-05-14T16:20:32+00:00","description":"via ferrata cala del Moli, Sant Feliu de Guixols, Costa Brava, Girona, spain","breadcrumb":{"@id":"https:\/\/viaferratacaladelmoli.com\/en\/how-we-are\/#breadcrumb"},"inLanguage":"en-US","potentialAction":[{"@type":"ReadAction","target":["https:\/\/viaferratacaladelmoli.com\/en\/how-we-are\/"]}]},{"@type":"BreadcrumbList","@id":"https:\/\/viaferratacaladelmoli.com\/en\/how-we-are\/#breadcrumb","itemListElement":[{"@type":"ListItem","position":1,"name":"Portada","item":"https:\/\/viaferratacaladelmoli.com\/en\/"},{"@type":"ListItem","position":2,"name":"How we are"}]},{"@type":"WebSite","@id":"https:\/\/viaferratacaladelmoli.com\/#website","url":"https:\/\/viaferratacaladelmoli.com\/","name":"Via Ferrata Cala del Moli","description":"via Ferrata Cala del Moli, Sant Feliu de Guixols, Girona, spain","potentialAction":[{"@type":"SearchAction","target":{"@type":"EntryPoint","urlTemplate":"https:\/\/viaferratacaladelmoli.com\/?s={search_term_string}"},"query-input":{"@type":"PropertyValueSpecification","valueRequired":true,"valueName":"search_term_string"}}],"inLanguage":"en-US"}]}},"_links":{"self":[{"href":"https:\/\/viaferratacaladelmoli.com\/en\/wp-json\/wp\/v2\/pages\/51773","targetHints":{"allow":["GET"]}}],"collection":[{"href":"https:\/\/viaferratacaladelmoli.com\/en\/wp-json\/wp\/v2\/pages"}],"about":[{"href":"https:\/\/viaferratacaladelmoli.com\/en\/wp-json\/wp\/v2\/types\/page"}],"author":[{"embeddable":true,"href":"https:\/\/viaferratacaladelmoli.com\/en\/wp-json\/wp\/v2\/users\/1"}],"replies":[{"embeddable":true,"href":"https:\/\/viaferratacaladelmoli.com\/en\/wp-json\/wp\/v2\/comments?post=51773"}],"version-history":[{"count":7,"href":"https:\/\/viaferratacaladelmoli.com\/en\/wp-json\/wp\/v2\/pages\/51773\/revisions"}],"predecessor-version":[{"id":52742,"href":"https:\/\/viaferratacaladelmoli.com\/en\/wp-json\/wp\/v2\/pages\/51773\/revisions\/52742"}],"wp:attachment":[{"href":"https:\/\/viaferratacaladelmoli.com\/en\/wp-json\/wp\/v2\/media?parent=51773"}],"curies":[{"name":"wp","href":"https:\/\/api.w.org\/{rel}","templated":true}]}}