{"id":52836,"date":"2020-08-06T19:23:59","date_gmt":"2020-08-06T19:23:59","guid":{"rendered":"https:\/\/viaferratacaladelmoli.com\/una-altra-activitat\/"},"modified":"2020-08-06T19:24:00","modified_gmt":"2020-08-06T19:24:00","slug":"una-altra-activitat","status":"publish","type":"page","link":"https:\/\/viaferratacaladelmoli.com\/ca\/una-altra-activitat\/","title":{"rendered":"Una altra activitat"},"content":{"rendered":"<p>[et_pb_section fb_built=&#8221;1&#8243; fullwidth=&#8221;on&#8221; _builder_version=&#8221;4.5.3&#8243; _module_preset=&#8221;default&#8221;][et_pb_fullwidth_header title=&#8221;Quieres hacer una nueva actividad?&#8221; header_fullscreen=&#8221;on&#8221; _builder_version=&#8221;4.5.3&#8243; _module_preset=&#8221;default&#8221; background_enable_color=&#8221;off&#8221; background_image=&#8221;https:\/\/viaferratacaladelmoli.com\/wp-content\/uploads\/2020\/08\/Coasteringcaladelpeix1-1.jpg&#8221; hover_enabled=&#8221;0&#8243;][\/et_pb_fullwidth_header][\/et_pb_section][et_pb_section fb_built=&#8221;1&#8243; _builder_version=&#8221;4.5.3&#8243; _module_preset=&#8221;default&#8221;][et_pb_row _builder_version=&#8221;4.5.3&#8243; _module_preset=&#8221;default&#8221;][et_pb_column type=&#8221;4_4&#8243; _builder_version=&#8221;4.5.3&#8243; _module_preset=&#8221;default&#8221;][et_pb_text _builder_version=&#8221;4.5.3&#8243; _module_preset=&#8221;default&#8221; text_font=&#8221;|600|||||||&#8221; text_text_color=&#8221;#0c71c3&#8243; text_font_size=&#8221;23px&#8221;]<\/p>\n<p style=\"text-align: center;\">COASTERING CALA DEL PEIX<\/p>\n<p>[\/et_pb_text][\/et_pb_column][\/et_pb_row][et_pb_row column_structure=&#8221;1_3,1_3,1_3&#8243; _builder_version=&#8221;4.5.3&#8243; _module_preset=&#8221;default&#8221;][et_pb_column type=&#8221;1_3&#8243; _builder_version=&#8221;4.5.3&#8243; _module_preset=&#8221;default&#8221;][et_pb_button button_url=&#8221;https:\/\/coasteringcaladelpeix.com\/&#8221; button_text=&#8221;m\u00e1s informaciones&#8221; _builder_version=&#8221;4.5.3&#8243; _module_preset=&#8221;default&#8221;][\/et_pb_button][\/et_pb_column][et_pb_column type=&#8221;1_3&#8243; _builder_version=&#8221;4.5.3&#8243; _module_preset=&#8221;default&#8221;][\/et_pb_column][et_pb_column type=&#8221;1_3&#8243; _builder_version=&#8221;4.5.3&#8243; _module_preset=&#8221;default&#8221;][\/et_pb_column][\/et_pb_row][et_pb_row _builder_version=&#8221;4.5.3&#8243; _module_preset=&#8221;default&#8221;][et_pb_column type=&#8221;4_4&#8243; _builder_version=&#8221;4.5.3&#8243; _module_preset=&#8221;default&#8221;][et_pb_text _builder_version=&#8221;4.5.3&#8243; _module_preset=&#8221;default&#8221; text_font=&#8221;|600|||||||&#8221; text_text_color=&#8221;#0c71c3&#8243; text_font_size=&#8221;21px&#8221;]Te gusta el barranco ?[\/et_pb_text][et_pb_image src=&#8221;https:\/\/viaferratacaladelmoli.com\/wp-content\/uploads\/2020\/08\/FOTO-1mini-1.jpg&#8221; title_text=&#8221;coastering Cala del Peix&#8221; _builder_version=&#8221;4.5.3&#8243; _module_preset=&#8221;default&#8221;][\/et_pb_image][et_pb_text _builder_version=&#8221;4.5.3&#8243; _module_preset=&#8221;default&#8221; text_font=&#8221;|600|||||||&#8221; text_text_color=&#8221;#000000&#8243; text_font_size=&#8221;21px&#8221;]<span style=\"vertical-align: inherit;\">Te encantara el coastering de la cala del Peix ubicado en Sant Feliu de Guixols en el coraz\u00f3n de la Costa Brava el \u00fanico coastering conocido que utiliza las mismas t\u00e9cnicas que los barrancos.<\/span>[\/et_pb_text][et_pb_image src=&#8221;https:\/\/viaferratacaladelmoli.com\/wp-content\/uploads\/2020\/08\/FOTO-2mini-1.jpg&#8221; title_text=&#8221;OLYMPUS DIGITAL CAMERA&#8221; _builder_version=&#8221;4.5.3&#8243; _module_preset=&#8221;default&#8221;][\/et_pb_image][et_pb_text _builder_version=&#8221;4.5.3&#8243; _module_preset=&#8221;default&#8221; text_font=&#8221;|600|||||||&#8221; text_text_color=&#8221;#000000&#8243; text_font_size=&#8221;21px&#8221;]<span style=\"vertical-align: inherit;\">Aprovechando los a\u00f1os de experiencia en barranco y v\u00eda ferrata hemos imaginado el coastering Cala del Peix en Sant Feliu de Guixols para los amantes de los barrancos.<\/span>[\/et_pb_text][et_pb_image src=&#8221;https:\/\/viaferratacaladelmoli.com\/wp-content\/uploads\/2020\/08\/3mini-1.jpg&#8221; title_text=&#8221;coastering Cala del Peix&#8221; _builder_version=&#8221;4.5.3&#8243; _module_preset=&#8221;default&#8221;][\/et_pb_image][et_pb_text _builder_version=&#8221;4.5.3&#8243; _module_preset=&#8221;default&#8221; text_font=&#8221;|600|||||||&#8221; text_text_color=&#8221;#000000&#8243; text_font_size=&#8221;21px&#8221;]<span style=\"vertical-align: inherit;\">Eres un barranquista confirmado o un principiente? no hay problema, adaptamos la ruta a tu nivel para que puedas disfrutar de tu actividad con toda seguridad.<\/span>[\/et_pb_text][et_pb_text _builder_version=&#8221;4.5.3&#8243; _module_preset=&#8221;default&#8221; text_font=&#8221;|600|||||||&#8221; text_text_color=&#8221;#0c71c3&#8243; text_font_size=&#8221;24px&#8221;]DESCRIPCIONES :[\/et_pb_text][et_pb_text _builder_version=&#8221;4.5.3&#8243; _module_preset=&#8221;default&#8221; text_font=&#8221;|600|||||||&#8221; text_text_color=&#8221;#000000&#8243;]<span style=\"vertical-align: inherit;\">Con sus 3 rappeles, 5 saltos, 1 tirolina, 2 cuevas el coastering cala del peix te dejara un recuerdo inolvidable.<\/span>[\/et_pb_text][\/et_pb_column][\/et_pb_row][et_pb_row column_structure=&#8221;1_3,1_3,1_3&#8243; _builder_version=&#8221;4.5.3&#8243; _module_preset=&#8221;default&#8221;][et_pb_column type=&#8221;1_3&#8243; _builder_version=&#8221;4.5.3&#8243; _module_preset=&#8221;default&#8221;][\/et_pb_column][et_pb_column type=&#8221;1_3&#8243; _builder_version=&#8221;4.5.3&#8243; _module_preset=&#8221;default&#8221;][\/et_pb_column][et_pb_column type=&#8221;1_3&#8243; _builder_version=&#8221;4.5.3&#8243; _module_preset=&#8221;default&#8221;][et_pb_button button_url=&#8221;https:\/\/coasteringcaladelpeix.com\/&#8221; button_text=&#8221;Haz tu reserva !!&#8221; _builder_version=&#8221;4.5.3&#8243; _module_preset=&#8221;default&#8221;][\/et_pb_button][\/et_pb_column][\/et_pb_row][et_pb_row column_structure=&#8221;1_2,1_2&#8243; _builder_version=&#8221;4.5.3&#8243; _module_preset=&#8221;default&#8221;][et_pb_column type=&#8221;1_2&#8243; _builder_version=&#8221;4.5.3&#8243; _module_preset=&#8221;default&#8221;][et_pb_text _builder_version=&#8221;4.5.3&#8243; _module_preset=&#8221;default&#8221;]<iframe loading=\"lazy\" src=\"https:\/\/www.youtube.com\/embed\/sNxpf2dh4d4\" width=\"1536\" height=\"864\" frameborder=\"0\" allowfullscreen=\"allowfullscreen\"><\/iframe>[\/et_pb_text][\/et_pb_column][et_pb_column type=&#8221;1_2&#8243; _builder_version=&#8221;4.5.3&#8243; _module_preset=&#8221;default&#8221;][et_pb_text _builder_version=&#8221;4.5.3&#8243; _module_preset=&#8221;default&#8221;]<iframe loading=\"lazy\" src=\"https:\/\/www.youtube.com\/embed\/AbhcqGVX8Ls\" width=\"1536\" height=\"864\" frameborder=\"0\" allowfullscreen=\"allowfullscreen\"><\/iframe>[\/et_pb_text][\/et_pb_column][\/et_pb_row][\/et_pb_section]<\/p>\n","protected":false},"excerpt":{"rendered":"<p>COASTERING CALA DEL PEIXTe gusta el barranco ?Te encantara el coastering de la cala del Peix ubicado en Sant Feliu de Guixols en el coraz\u00f3n de la Costa Brava el \u00fanico coastering conocido que utiliza las mismas t\u00e9cnicas que los barrancos.Aprovechando los a\u00f1os de experiencia en barranco y v\u00eda ferrata hemos imaginado el coastering Cala [&hellip;]<\/p>\n","protected":false},"author":1,"featured_media":0,"parent":0,"menu_order":0,"comment_status":"closed","ping_status":"closed","template":"","meta":{"_et_pb_use_builder":"on","_et_pb_old_content":"","_et_gb_content_width":"","_joinchat":[],"footnotes":""},"class_list":["post-52836","page","type-page","status-publish","hentry"],"yoast_head":"<!-- This site is optimized with the Yoast SEO plugin v27.1.1 - https:\/\/yoast.com\/product\/yoast-seo-wordpress\/ -->\n<title>Una altra activitat<\/title>\n<meta name=\"robots\" content=\"index, follow, max-snippet:-1, max-image-preview:large, max-video-preview:-1\" \/>\n<link rel=\"canonical\" href=\"https:\/\/viaferratacaladelmoli.com\/ca\/una-altra-activitat\/\" \/>\n<meta property=\"og:locale\" content=\"ca_ES\" \/>\n<meta property=\"og:type\" content=\"article\" \/>\n<meta property=\"og:title\" content=\"Una altra activitat\" \/>\n<meta property=\"og:description\" content=\"COASTERING CALA DEL PEIXTe gusta el barranco ?Te encantara el coastering de la cala del Peix ubicado en Sant Feliu de Guixols en el coraz\u00f3n de la Costa Brava el \u00fanico coastering conocido que utiliza las mismas t\u00e9cnicas que los barrancos.Aprovechando los a\u00f1os de experiencia en barranco y v\u00eda ferrata hemos imaginado el coastering Cala [&hellip;]\" \/>\n<meta property=\"og:url\" content=\"https:\/\/viaferratacaladelmoli.com\/ca\/una-altra-activitat\/\" \/>\n<meta property=\"og:site_name\" content=\"Via Ferrata Cala del Moli\" \/>\n<meta property=\"article:publisher\" content=\"https:\/\/www.facebook.com\/Via-ferrata-cala-del-moli-1613952665562149\/?fref=ts\" \/>\n<meta property=\"article:modified_time\" content=\"2020-08-06T19:24:00+00:00\" \/>\n<meta name=\"twitter:card\" content=\"summary_large_image\" \/>\n<meta name=\"twitter:site\" content=\"@caladelmoli\" \/>\n<meta name=\"twitter:label1\" content=\"Temps estimat de lectura\" \/>\n\t<meta name=\"twitter:data1\" content=\"3 minuts\" \/>\n<script type=\"application\/ld+json\" class=\"yoast-schema-graph\">{\"@context\":\"https:\/\/schema.org\",\"@graph\":[{\"@type\":\"WebPage\",\"@id\":\"https:\/\/viaferratacaladelmoli.com\/ca\/una-altra-activitat\/\",\"url\":\"https:\/\/viaferratacaladelmoli.com\/ca\/una-altra-activitat\/\",\"name\":\"Una altra activitat\",\"isPartOf\":{\"@id\":\"https:\/\/viaferratacaladelmoli.com\/#website\"},\"datePublished\":\"2020-08-06T19:23:59+00:00\",\"dateModified\":\"2020-08-06T19:24:00+00:00\",\"breadcrumb\":{\"@id\":\"https:\/\/viaferratacaladelmoli.com\/ca\/una-altra-activitat\/#breadcrumb\"},\"inLanguage\":\"ca\",\"potentialAction\":[{\"@type\":\"ReadAction\",\"target\":[\"https:\/\/viaferratacaladelmoli.com\/ca\/una-altra-activitat\/\"]}]},{\"@type\":\"BreadcrumbList\",\"@id\":\"https:\/\/viaferratacaladelmoli.com\/ca\/una-altra-activitat\/#breadcrumb\",\"itemListElement\":[{\"@type\":\"ListItem\",\"position\":1,\"name\":\"Portada\",\"item\":\"https:\/\/viaferratacaladelmoli.com\/ca\/\"},{\"@type\":\"ListItem\",\"position\":2,\"name\":\"Una altra activitat\"}]},{\"@type\":\"WebSite\",\"@id\":\"https:\/\/viaferratacaladelmoli.com\/#website\",\"url\":\"https:\/\/viaferratacaladelmoli.com\/\",\"name\":\"Via Ferrata Cala del Moli\",\"description\":\"via Ferrata Cala del Moli, Sant Feliu de Guixols, Girona, spain\",\"potentialAction\":[{\"@type\":\"SearchAction\",\"target\":{\"@type\":\"EntryPoint\",\"urlTemplate\":\"https:\/\/viaferratacaladelmoli.com\/?s={search_term_string}\"},\"query-input\":{\"@type\":\"PropertyValueSpecification\",\"valueRequired\":true,\"valueName\":\"search_term_string\"}}],\"inLanguage\":\"ca\"}]}<\/script>\n<!-- \/ Yoast SEO plugin. -->","yoast_head_json":{"title":"Una altra activitat","robots":{"index":"index","follow":"follow","max-snippet":"max-snippet:-1","max-image-preview":"max-image-preview:large","max-video-preview":"max-video-preview:-1"},"canonical":"https:\/\/viaferratacaladelmoli.com\/ca\/una-altra-activitat\/","og_locale":"ca_ES","og_type":"article","og_title":"Una altra activitat","og_description":"COASTERING CALA DEL PEIXTe gusta el barranco ?Te encantara el coastering de la cala del Peix ubicado en Sant Feliu de Guixols en el coraz\u00f3n de la Costa Brava el \u00fanico coastering conocido que utiliza las mismas t\u00e9cnicas que los barrancos.Aprovechando los a\u00f1os de experiencia en barranco y v\u00eda ferrata hemos imaginado el coastering Cala [&hellip;]","og_url":"https:\/\/viaferratacaladelmoli.com\/ca\/una-altra-activitat\/","og_site_name":"Via Ferrata Cala del Moli","article_publisher":"https:\/\/www.facebook.com\/Via-ferrata-cala-del-moli-1613952665562149\/?fref=ts","article_modified_time":"2020-08-06T19:24:00+00:00","twitter_card":"summary_large_image","twitter_site":"@caladelmoli","twitter_misc":{"Temps estimat de lectura":"3 minuts"},"schema":{"@context":"https:\/\/schema.org","@graph":[{"@type":"WebPage","@id":"https:\/\/viaferratacaladelmoli.com\/ca\/una-altra-activitat\/","url":"https:\/\/viaferratacaladelmoli.com\/ca\/una-altra-activitat\/","name":"Una altra activitat","isPartOf":{"@id":"https:\/\/viaferratacaladelmoli.com\/#website"},"datePublished":"2020-08-06T19:23:59+00:00","dateModified":"2020-08-06T19:24:00+00:00","breadcrumb":{"@id":"https:\/\/viaferratacaladelmoli.com\/ca\/una-altra-activitat\/#breadcrumb"},"inLanguage":"ca","potentialAction":[{"@type":"ReadAction","target":["https:\/\/viaferratacaladelmoli.com\/ca\/una-altra-activitat\/"]}]},{"@type":"BreadcrumbList","@id":"https:\/\/viaferratacaladelmoli.com\/ca\/una-altra-activitat\/#breadcrumb","itemListElement":[{"@type":"ListItem","position":1,"name":"Portada","item":"https:\/\/viaferratacaladelmoli.com\/ca\/"},{"@type":"ListItem","position":2,"name":"Una altra activitat"}]},{"@type":"WebSite","@id":"https:\/\/viaferratacaladelmoli.com\/#website","url":"https:\/\/viaferratacaladelmoli.com\/","name":"Via Ferrata Cala del Moli","description":"via Ferrata Cala del Moli, Sant Feliu de Guixols, Girona, spain","potentialAction":[{"@type":"SearchAction","target":{"@type":"EntryPoint","urlTemplate":"https:\/\/viaferratacaladelmoli.com\/?s={search_term_string}"},"query-input":{"@type":"PropertyValueSpecification","valueRequired":true,"valueName":"search_term_string"}}],"inLanguage":"ca"}]}},"_links":{"self":[{"href":"https:\/\/viaferratacaladelmoli.com\/ca\/wp-json\/wp\/v2\/pages\/52836","targetHints":{"allow":["GET"]}}],"collection":[{"href":"https:\/\/viaferratacaladelmoli.com\/ca\/wp-json\/wp\/v2\/pages"}],"about":[{"href":"https:\/\/viaferratacaladelmoli.com\/ca\/wp-json\/wp\/v2\/types\/page"}],"author":[{"embeddable":true,"href":"https:\/\/viaferratacaladelmoli.com\/ca\/wp-json\/wp\/v2\/users\/1"}],"replies":[{"embeddable":true,"href":"https:\/\/viaferratacaladelmoli.com\/ca\/wp-json\/wp\/v2\/comments?post=52836"}],"version-history":[{"count":3,"href":"https:\/\/viaferratacaladelmoli.com\/ca\/wp-json\/wp\/v2\/pages\/52836\/revisions"}],"predecessor-version":[{"id":53011,"href":"https:\/\/viaferratacaladelmoli.com\/ca\/wp-json\/wp\/v2\/pages\/52836\/revisions\/53011"}],"wp:attachment":[{"href":"https:\/\/viaferratacaladelmoli.com\/ca\/wp-json\/wp\/v2\/media?parent=52836"}],"curies":[{"name":"wp","href":"https:\/\/api.w.org\/{rel}","templated":true}]}}